{"id":51530,"date":"2024-03-27T15:18:06","date_gmt":"2024-03-27T13:18:06","guid":{"rendered":"https:\/\/profitehnika.com.ua\/?post_type=product&#038;p=51530"},"modified":"2024-03-27T15:18:54","modified_gmt":"2024-03-27T13:18:54","slug":"nabor-instrumentov-ingco-super-select-32-ed-hkthp10321","status":"publish","type":"product","link":"https:\/\/profitehnika.com.ua\/ru\/product\/nabor-instrumentov-ingco-super-select-32-ed-hkthp10321\/","title":{"rendered":"\u041d\u0430\u0431\u043e\u0440 \u0438\u043d\u0441\u0442\u0440\u0443\u043c\u0435\u043d\u0442\u043e\u0432 INGCO Super Select (32 \u0435\u0434.) (HKTHP10321)"},"content":{"rendered":"<p style=\"text-align: center;\"><span style=\"color: #000000;\"><strong>\u041d\u0430\u0431\u043e\u0440 \u0438\u043d\u0441\u0442\u0440\u0443\u043c\u0435\u043d\u0442\u043e\u0432 INGCO Super Select (HKTHP10321)<\/strong><strong>\u00a0<\/strong> \u2013 \u0440\u0430\u0437\u0440\u0430\u0431\u043e\u0442\u0430\u043d \u0441\u043e\u043e\u0442\u0432\u0435\u0442\u0441\u0442\u0432\u0435\u043d\u043d\u043e \u043a \u0441\u0430\u043c\u044b\u043c \u0432\u044b\u0441\u043e\u043a\u0438\u043c \u0442\u0435\u0445\u043d\u0438\u0447\u0435\u0441\u043a\u0438\u043c \u0445\u0430\u0440\u0430\u043a\u0442\u0435\u0440\u0438\u0441\u0442\u0438\u043a\u0430\u043c, \u0441\u043e\u0447\u0435\u0442\u0430\u0435\u0442 \u0432 \u0441\u0435\u0431\u0435 \u0438\u043d\u043d\u043e\u0432\u0430\u0446\u0438\u043e\u043d\u043d\u044b\u0435 \u0444\u0443\u043d\u043a\u0446\u0438\u0438 \u0441 \u043f\u0440\u043e\u0441\u0442\u043e\u0442\u043e\u0439 \u0438\u0441\u043f\u043e\u043b\u044c\u0437\u043e\u0432\u0430\u043d\u0438\u044f \u0438 \u0441\u0442\u0438\u043b\u044c\u043d\u044b\u043c \u0434\u0438\u0437\u0430\u0439\u043d\u043e\u043c. \u0412\u0435\u0441\u044c \u0430\u0441\u0441\u043e\u0440\u0442\u0438\u043c\u0435\u043d\u0442 \u043d\u0430\u0431\u043e\u0440\u0430 \u0438\u0437\u0433\u043e\u0442\u043e\u0432\u043b\u0435\u043d \u0438\u0437 \u0432\u044b\u0441\u043e\u043a\u043e\u043a\u0430\u0447\u0435\u0441\u0442\u0432\u0435\u043d\u043d\u043e\u0439 \u0438\u043d\u0441\u0442\u0440\u0443\u043c\u0435\u043d\u0442\u0430\u043b\u044c\u043d\u043e\u0439 \u0441\u0442\u0430\u043b\u0438 \u0441 \u0445\u0440\u043e\u043c\u043e\u0432\u044b\u043c \u043f\u043e\u043a\u0440\u044b\u0442\u0438\u0435\u043c, \u0442\u0430\u043a\u043e\u0435 \u043d\u0430\u043f\u044b\u043b\u0435\u043d\u0438\u0435 \u0441\u0443\u0449\u0435\u0441\u0442\u0432\u0435\u043d\u043d\u043e \u043f\u0440\u043e\u0434\u043b\u0435\u0432\u0430\u0435\u0442 \u0441\u0440\u043e\u043a \u0441\u043b\u0443\u0436\u0431\u044b \u0438\u043d\u0441\u0442\u0440\u0443\u043c\u0435\u043d\u0442\u0430, \u0430 \u0442\u0430\u043a\u0436\u0435 \u043f\u043e\u043b\u043d\u043e\u0441\u0442\u044c\u044e \u043f\u0440\u0435\u0434\u043e\u0442\u0432\u0440\u0430\u0449\u0430\u0435\u0442 \u043f\u043e\u044f\u0432\u043b\u0435\u043d\u0438\u0435 \u043a\u043e\u0440\u0440\u043e\u0437\u0438\u0438.<\/span><\/p>\n<p><span style=\"color: #000000;\"><strong>\u041a\u043e\u043c\u043f\u043b\u0435\u043a\u0442 \u0441\u043e\u0441\u0442\u043e\u0438\u0442 \u0438\u0437 32 \u044d\u043b\u0435\u043c\u0435\u043d\u0442\u043e\u0432, \u0441\u0440\u0435\u0434\u0438 \u043a\u043e\u0442\u043e\u0440\u044b\u0445:<\/strong><\/span><\/p>\n<ul>\n<li><span style=\"color: #000000;\">\u041f\u043b\u043e\u0441\u043a\u043e\u0433\u0443\u0431\u0446\u044b 180 \u043c\u043c \u00d71;<\/span><\/li>\n<li><span style=\"color: #000000;\">\u0420\u0430\u0437\u0432\u043e\u0434\u043d\u043e\u0439 \u043a\u043b\u044e\u0447 150 \u043c\u043c \u00d71;<\/span><\/li>\n<li><span style=\"color: #000000;\">\u041e\u0442\u0432\u0435\u0440\u0442\u043a\u0438: SL5.5\u00d710, PH1\u00d710 \u00d72;<\/span><\/li>\n<li><span style=\"color: #000000;\">\u0422\u0435\u0441\u0442\u0435\u0440 \u00d71;<\/span><\/li>\n<li><span style=\"color: #000000;\">\u041c\u0438\u043d\u0438-\u043c\u043e\u043b\u043e\u0442\u043e\u043a \u00d71;<\/span><\/li>\n<li><span style=\"color: #000000;\">\u0420\u0443\u043b\u0435\u0442\u043a\u0430 3 \u043c \u00d71;<\/span><\/li>\n<li><span style=\"color: #000000;\">\u041d\u043e\u0436 \u0441 \u043e\u0442\u043b\u043e\u043c\u043d\u044b\u043c \u043b\u0435\u0437\u0432\u0438\u0435\u043c 18 \u043c \u00d71;<\/span><\/li>\n<li><span style=\"color: #000000;\">\u0414\u0435\u0440\u0436\u0438\u0442 \u0431\u0438\u0442 \u00d71;<\/span><\/li>\n<li><span style=\"\u0446\u0432\u0435\u0442: #000000;\">\u0411\u0438\u0442\u044c 25 \u043c\u043c: SL, SL4, SL5, SL6, PH0, PH1, PH2, PH3, PZ0, PZ1, PZ2, PZ3, T10, T15, T20, T30 , H3, H4, H5, H6 \u00d720;<\/span><\/li>\n<li><span style=\"color: #000000;\">\u041d\u043e\u0436\u043d\u0438\u0446\u044b 200 \u043c\u043c \u00d71;<\/span><\/li>\n<li><span style=\"color: #000000;\">\u041c\u0438\u043d\u0438-\u043d\u043e\u0436\u043e\u0432\u043a\u0430 \u00d71.<\/span><\/li>\n<\/ul>\n","protected":false},"excerpt":{"rendered":"<p>\u041d\u0430\u0431\u043e\u0440 \u0438\u043d\u0441\u0442\u0440\u0443\u043c\u0435\u043d\u0442\u043e\u0432 INGCO Super Select (HKTHP10321)\u00a0 \u2013 \u0440\u0430\u0437\u0440\u0430\u0431\u043e\u0442\u0430\u043d \u0441\u043e\u043e\u0442\u0432\u0435\u0442\u0441\u0442\u0432\u0435\u043d\u043d\u043e \u043a \u0441\u0430\u043c\u044b\u043c \u0432\u044b\u0441\u043e\u043a\u0438\u043c \u0442\u0435\u0445\u043d\u0438\u0447\u0435\u0441\u043a\u0438\u043c \u0445\u0430\u0440\u0430\u043a\u0442\u0435\u0440\u0438\u0441\u0442\u0438\u043a\u0430\u043c, \u0441\u043e\u0447\u0435\u0442\u0430\u0435\u0442 \u0432 \u0441\u0435\u0431\u0435 \u0438\u043d\u043d\u043e\u0432\u0430\u0446\u0438\u043e\u043d\u043d\u044b\u0435 \u0444\u0443\u043d\u043a\u0446\u0438\u0438 \u0441 \u043f\u0440\u043e\u0441\u0442\u043e\u0442\u043e\u0439 \u0438\u0441\u043f\u043e\u043b\u044c\u0437\u043e\u0432\u0430\u043d\u0438\u044f \u0438 \u0441\u0442\u0438\u043b\u044c\u043d\u044b\u043c \u0434\u0438\u0437\u0430\u0439\u043d\u043e\u043c. \u0412\u0435\u0441\u044c \u0430\u0441\u0441\u043e\u0440\u0442\u0438\u043c\u0435\u043d\u0442 \u043d\u0430\u0431\u043e\u0440\u0430 \u0438\u0437\u0433\u043e\u0442\u043e\u0432\u043b\u0435\u043d \u0438\u0437<\/p>\n","protected":false},"featured_media":51495,"comment_status":"closed","ping_status":"closed","template":"","meta":[],"product_cat":[3838],"product_tag":[],"acf":[],"_links":{"self":[{"href":"https:\/\/profitehnika.com.ua\/ru\/wp-json\/wp\/v2\/product\/51530"}],"collection":[{"href":"https:\/\/profitehnika.com.ua\/ru\/wp-json\/wp\/v2\/product"}],"about":[{"href":"https:\/\/profitehnika.com.ua\/ru\/wp-json\/wp\/v2\/types\/product"}],"replies":[{"embeddable":true,"href":"https:\/\/profitehnika.com.ua\/ru\/wp-json\/wp\/v2\/comments?post=51530"}],"wp:featuredmedia":[{"embeddable":true,"href":"https:\/\/profitehnika.com.ua\/ru\/wp-json\/wp\/v2\/media\/51495"}],"wp:attachment":[{"href":"https:\/\/profitehnika.com.ua\/ru\/wp-json\/wp\/v2\/media?parent=51530"}],"wp:term":[{"taxonomy":"product_cat","embeddable":true,"href":"https:\/\/profitehnika.com.ua\/ru\/wp-json\/wp\/v2\/product_cat?post=51530"},{"taxonomy":"product_tag","embeddable":true,"href":"https:\/\/profitehnika.com.ua\/ru\/wp-json\/wp\/v2\/product_tag?post=51530"}],"curies":[{"name":"wp","href":"https:\/\/api.w.org\/{rel}","templated":true}]}}