{"id":57774,"date":"2024-11-10T11:34:24","date_gmt":"2024-11-10T09:34:24","guid":{"rendered":"https:\/\/profitehnika.com.ua\/?post_type=product&#038;p=57774"},"modified":"2025-03-21T11:17:31","modified_gmt":"2025-03-21T09:17:31","slug":"akkumulyatornyj-rezak-dlya-armatury-profi-tec-psc1120-powerline-2xpt2040mp-4-0ach-zaryadnoe-ustrojstvo","status":"publish","type":"product","link":"https:\/\/profitehnika.com.ua\/ru\/product\/akkumulyatornyj-rezak-dlya-armatury-profi-tec-psc1120-powerline-2xpt2040mp-4-0ach-zaryadnoe-ustrojstvo\/","title":{"rendered":"\u0410\u043a\u043a\u0443\u043c\u0443\u043b\u044f\u0442\u043e\u0440\u043d\u044b\u0439 \u0440\u0435\u0437\u0430\u043a \u0434\u043b\u044f \u0430\u0440\u043c\u0430\u0442\u0443\u0440\u044b PROFI-TEC PSC1120 POWERLine (2\u00d7PT2040MP (4.0\u0410\u0447), \u0437\u0430\u0440\u044f\u0434\u043d\u043e\u0435 \u0443\u0441\u0442\u0440\u043e\u0439\u0441\u0442\u0432\u043e)"},"content":{"rendered":"<p style=\"text-align: center;\"><span style=\"color: #000000;\"><strong>\u0410\u043a\u043a\u0443\u043c\u0443\u043b\u044f\u0442\u043e\u0440\u043d\u044b\u0439 \u0440\u0435\u0437\u0430\u043a \u0434\u043b\u044f \u0430\u0440\u043c\u0430\u0442\u0443\u0440\u044b PROFI-TEC PSC1120<\/strong> \u2014 \u044d\u0442\u043e \u043c\u043e\u0449\u043d\u044b\u0439 \u0438 \u043f\u043e\u0440\u0442\u0430\u0442\u0438\u0432\u043d\u044b\u0439 \u0438\u043d\u0441\u0442\u0440\u0443\u043c\u0435\u043d\u0442, \u043f\u0440\u0435\u0434\u043d\u0430\u0437\u043d\u0430\u0447\u0435\u043d\u043d\u044b\u0439 \u0434\u043b\u044f \u0431\u044b\u0441\u0442\u0440\u043e\u0433\u043e \u0438 \u0442\u043e\u0447\u043d\u043e\u0439 \u0440\u0435\u0437\u043a\u0438 \u043c\u0435\u0442\u0430\u043b\u043b\u0438\u0447\u0435\u0441\u043a\u043e\u0439 \u0430\u0440\u043c\u0430\u0442\u0443\u0440\u044b. \u041e\u043d \u0438\u0434\u0435\u0430\u043b\u044c\u043d\u043e \u043f\u043e\u0434\u0445\u043e\u0434\u0438\u0442 \u0434\u043b\u044f \u0441\u0442\u0440\u043e\u0438\u0442\u0435\u043b\u044c\u043d\u044b\u0445 \u0438 \u043c\u043e\u043d\u0442\u0430\u0436\u043d\u044b\u0445 \u0440\u0430\u0431\u043e\u0442, \u043e\u0431\u0435\u0441\u043f\u0435\u0447\u0438\u0432\u0430\u044f \u0430\u0432\u0442\u043e\u043d\u043e\u043c\u043d\u043e\u0441\u0442\u044c \u0438 \u043c\u043e\u0431\u0438\u043b\u044c\u043d\u043e\u0441\u0442\u044c \u043d\u0430 \u0441\u0442\u0440\u043e\u0438\u0442\u0435\u043b\u044c\u043d\u044b\u0445 \u043f\u043b\u043e\u0449\u0430\u0434\u043a\u0430\u0445 \u0438 \u043f\u0440\u0438 \u0432\u044b\u043f\u043e\u043b\u043d\u0435\u043d\u0438\u0438 \u0440\u0435\u043c\u043e\u043d\u0442\u043d\u044b\u0445 \u0437\u0430\u0434\u0430\u0447.<\/span><\/p>\n<p><span style=\"color: #000000;\"><strong>\u041e\u0441\u043e\u0431\u0435\u043d\u043d\u043e\u0441\u0442\u0438 \u0430\u043a\u043a\u0443\u043c\u0443\u043b\u044f\u0442\u043e\u0440\u043d\u043e\u0433\u043e \u0440\u0435\u0437\u0430\u043a\u0430 \u0434\u043b\u044f \u0430\u0440\u043c\u0430\u0442\u0443\u0440\u044b PROFI-TEC PSC1120:<\/strong><\/span><\/p>\n<ul>\n<li><span style=\"color: #000000;\">\u0412\u044b\u0441\u043e\u043a\u043e\u043a\u0430\u0447\u0435\u0441\u0442\u0432\u0435\u043d\u043d\u043e\u0435 \u0440\u0435\u0436\u0443\u0449\u0435\u0435 \u043b\u0435\u0437\u0432\u0438\u0435 \u043e\u0431\u0435\u0441\u043f\u0435\u0447\u0438\u0432\u0430\u0435\u0442 \u0442\u043e\u0447\u043d\u044b\u0435 \u0438 \u0447\u0438\u0441\u0442\u044b\u0435 \u0440\u0435\u0437\u044b, \u0447\u0442\u043e \u043c\u0438\u043d\u0438\u043c\u0438\u0437\u0438\u0440\u0443\u0435\u0442 \u043d\u0435\u043e\u0431\u0445\u043e\u0434\u0438\u043c\u043e\u0441\u0442\u044c \u0432 \u0434\u043e\u043f\u043e\u043b\u043d\u0438\u0442\u0435\u043b\u044c\u043d\u043e\u0439 \u043e\u0431\u0440\u0430\u0431\u043e\u0442\u043a\u0435 \u043c\u0430\u0442\u0435\u0440\u0438\u0430\u043b\u0430;<\/span><\/li>\n<li><span style=\"color: #000000;\">\u041c\u043e\u0449\u043d\u044b\u0439 \u0431\u0435\u0441\u0449\u0435\u0442\u043e\u0447\u043d\u044b\u0439 \u0434\u0432\u0438\u0433\u0430\u0442\u0435\u043b\u044c \u0433\u0430\u0440\u0430\u043d\u0442\u0438\u0440\u0443\u0435\u0442 \u0432\u044b\u0441\u043e\u043a\u0443\u044e \u0441\u043a\u043e\u0440\u043e\u0441\u0442\u044c \u0438 \u044d\u0444\u0444\u0435\u043a\u0442\u0438\u0432\u043d\u043e\u0441\u0442\u044c \u0440\u0435\u0437\u043a\u0438 \u0430\u0440\u043c\u0430\u0442\u0443\u0440\u044b \u0434\u0438\u0430\u043c\u0435\u0442\u0440\u043e\u043c \u0434\u043e 40 \u043c\u043c;<\/span><\/li>\n<li><span style=\"color: #000000;\">\u0424\u0443\u043d\u043a\u0446\u0438\u044f \u0440\u0435\u0433\u0443\u043b\u0438\u0440\u043e\u0432\u043a\u0438 \u0433\u043b\u0443\u0431\u0438\u043d\u044b \u0440\u0435\u0437\u0430 \u043e\u0431\u0435\u0441\u043f\u0435\u0447\u0438\u0432\u0430\u0435\u0442 \u043b\u0435\u0433\u043a\u043e\u0441\u0442\u044c \u043d\u0430\u0441\u0442\u0440\u043e\u0439\u043a\u0438, \u0447\u0442\u043e \u0434\u0435\u043b\u0430\u0435\u0442 \u0438\u043d\u0441\u0442\u0440\u0443\u043c\u0435\u043d\u0442 \u0443\u043d\u0438\u0432\u0435\u0440\u0441\u0430\u043b\u044c\u043d\u044b\u043c \u0434\u043b\u044f \u0440\u0430\u0437\u043b\u0438\u0447\u043d\u044b\u0445 \u0437\u0430\u0434\u0430\u0447;<\/span><\/li>\n<li><span style=\"color: #000000;\">\u0412\u0441\u0442\u0440\u043e\u0435\u043d\u043d\u044b\u0435 \u0441\u0438\u0441\u0442\u0435\u043c\u044b \u0437\u0430\u0449\u0438\u0442\u044b \u043e\u0442 \u043f\u0435\u0440\u0435\u0433\u0440\u0443\u0437\u043a\u0438 \u0438 \u043f\u0435\u0440\u0435\u0433\u0440\u0435\u0432\u0430 \u0433\u0430\u0440\u0430\u043d\u0442\u0438\u0440\u0443\u044e\u0442 \u0431\u0435\u0437\u043e\u043f\u0430\u0441\u043d\u0443\u044e \u044d\u043a\u0441\u043f\u043b\u0443\u0430\u0442\u0430\u0446\u0438\u044e \u0438\u043d\u0441\u0442\u0440\u0443\u043c\u0435\u043d\u0442\u0430;<\/span><\/li>\n<li><span style=\"color: #000000;\">\u0412\u044b\u0441\u043e\u043a\u043e\u043a\u0430\u0447\u0435\u0441\u0442\u0432\u0435\u043d\u043d\u044b\u0435 \u043c\u0430\u0442\u0435\u0440\u0438\u0430\u043b\u044b \u043a\u043e\u043d\u0441\u0442\u0440\u0443\u043a\u0446\u0438\u0438 \u043e\u0431\u0435\u0441\u043f\u0435\u0447\u0438\u0432\u0430\u044e\u0442 \u043d\u0430\u0434\u0435\u0436\u043d\u043e\u0441\u0442\u044c, \u0434\u043e\u043b\u0433\u043e\u0432\u0435\u0447\u043d\u043e\u0441\u0442\u044c \u0438 \u044d\u0444\u0444\u0435\u043a\u0442\u0438\u0432\u043d\u043e\u0441\u0442\u044c \u0432 \u0438\u0441\u043f\u043e\u043b\u044c\u0437\u043e\u0432\u0430\u043d\u0438\u0438;<\/span><\/li>\n<li><span style=\"color: #000000;\">\u041a\u043e\u043c\u043f\u0430\u043a\u0442\u043d\u044b\u0439 \u0434\u0438\u0437\u0430\u0439\u043d, \u043c\u0430\u043b\u044b\u0439 \u0432\u0435\u0441 \u0438 \u044d\u0440\u0433\u043e\u043d\u043e\u043c\u0438\u0447\u043d\u0430\u044f \u0440\u0443\u043a\u043e\u044f\u0442\u043a\u0430 \u043e\u0431\u0435\u0441\u043f\u0435\u0447\u0438\u0432\u0430\u044e\u0442 \u043a\u043e\u043c\u0444\u043e\u0440\u0442\u043d\u0443\u044e \u0440\u0430\u0431\u043e\u0442\u0443 \u0434\u0430\u0436\u0435 \u0432 \u0442\u0440\u0443\u0434\u043d\u043e\u0434\u043e\u0441\u0442\u0443\u043f\u043d\u044b\u0445 \u043c\u0435\u0441\u0442\u0430\u0445 \u0432 \u0442\u0435\u0447\u0435\u043d\u0438\u0435 \u0434\u043b\u0438\u0442\u0435\u043b\u044c\u043d\u043e\u0433\u043e \u0432\u0440\u0435\u043c\u0435\u043d\u0438;<\/span><\/li>\n<li><span style=\"color: #000000;\">\u0412\u044b\u0441\u043e\u043a\u0430\u044f \u0440\u0435\u0436\u0443\u0449\u0430\u044f \u0441\u043f\u043e\u0441\u043e\u0431\u043d\u043e\u0441\u0442\u044c (\u0434\u043e 620 \u041d\/\u043c\u043c\u00b2) \u043f\u043e\u0437\u0432\u043e\u043b\u044f\u0435\u0442 \u043b\u0435\u0433\u043a\u043e \u0441\u043f\u0440\u0430\u0432\u043b\u044f\u0442\u044c\u0441\u044f \u0441 \u0442\u0432\u0435\u0440\u0434\u044b\u043c\u0438 \u043c\u0430\u0442\u0435\u0440\u0438\u0430\u043b\u0430\u043c\u0438, \u043e\u0431\u0435\u0441\u043f\u0435\u0447\u0438\u0432\u0430\u044f \u044d\u0444\u0444\u0435\u043a\u0442\u0438\u0432\u043d\u0443\u044e \u0440\u0435\u0437\u043a\u0443 \u0434\u0430\u0436\u0435 \u0441\u0430\u043c\u043e\u0439 \u043f\u0440\u043e\u0447\u043d\u043e\u0439 \u0430\u0440\u043c\u0430\u0442\u0443\u0440\u044b.<\/span><\/li>\n<\/ul>\n<p><span style=\"color: #000000;\"><strong>\u041a\u043e\u043c\u043f\u043b\u0435\u043a\u0442 \u043f\u043e\u0441\u0442\u0430\u0432\u043a\u0438:<\/strong><\/span><\/p>\n<ul>\n<li><span style=\"color: #000000;\">\u0410\u043a\u043a\u0443\u043c\u0443\u043b\u044f\u0442\u043e\u0440\u043d\u044b\u0439 \u0440\u0435\u0437\u0430\u043a \u0434\u043b\u044f \u0430\u0440\u043c\u0430\u0442\u0443\u0440\u044b PROFI-TEC PSC1120;<\/span><\/li>\n<li><span style=\"color: #000000;\">\u0410\u043a\u043a\u0443\u043c\u0443\u043b\u044f\u0442\u043e\u0440 PT2040MP(4.0 \u0410\u0447) \u00d72;<\/span><\/li>\n<li><span style=\"color: #000000;\">\u0417\u0430\u0440\u044f\u0434\u043d\u043e\u0435 \u0443\u0441\u0442\u0440\u043e\u0439\u0441\u0442\u0432\u043e BC20V;<\/span><\/li>\n<li><span style=\"color: #000000;\">\u0414\u0438\u0441\u043a (140\u00d736\u0422\u00d734\u00d71,2\u00d71,8) \u00d72;<\/span><\/li>\n<li><span style=\"color: #000000;\">\u0418\u043d\u0441\u0442\u0440\u0443\u043a\u0446\u0438\u044f \u043f\u043e \u044d\u043a\u0441\u043f\u043b\u0443\u0430\u0442\u0430\u0446\u0438\u0438;<\/span><\/li>\n<li><span style=\"color: #000000;\">\u0413\u0430\u0440\u0430\u043d\u0442\u0438\u0439\u043d\u044b\u0439 \u0442\u0430\u043b\u043e\u043d;<\/span><\/li>\n<li><span style=\"color: #000000;\">\u041f\u043b\u0430\u0441\u0442\u0438\u043a\u043e\u0432\u044b\u0439 \u043a\u0435\u0439\u0441.<\/span><\/li>\n<\/ul>\n<p style=\"text-align: center;\"><iframe title=\"YouTube video player\" src=\"https:\/\/www.youtube.com\/embed\/YwiN1xoVI7g?si=09nJH5qX3ieLcNlH\" width=\"560\" height=\"315\" frameborder=\"0\" allowfullscreen=\"allowfullscreen\"><\/iframe><\/p>\n","protected":false},"excerpt":{"rendered":"<p>\u0410\u043a\u043a\u0443\u043c\u0443\u043b\u044f\u0442\u043e\u0440\u043d\u044b\u0439 \u0440\u0435\u0437\u0430\u043a \u0434\u043b\u044f \u0430\u0440\u043c\u0430\u0442\u0443\u0440\u044b PROFI-TEC PSC1120 \u2014 \u044d\u0442\u043e \u043c\u043e\u0449\u043d\u044b\u0439 \u0438 \u043f\u043e\u0440\u0442\u0430\u0442\u0438\u0432\u043d\u044b\u0439 \u0438\u043d\u0441\u0442\u0440\u0443\u043c\u0435\u043d\u0442, \u043f\u0440\u0435\u0434\u043d\u0430\u0437\u043d\u0430\u0447\u0435\u043d\u043d\u044b\u0439 \u0434\u043b\u044f \u0431\u044b\u0441\u0442\u0440\u043e\u0433\u043e \u0438 \u0442\u043e\u0447\u043d\u043e\u0439 \u0440\u0435\u0437\u043a\u0438 \u043c\u0435\u0442\u0430\u043b\u043b\u0438\u0447\u0435\u0441\u043a\u043e\u0439 \u0430\u0440\u043c\u0430\u0442\u0443\u0440\u044b. \u041e\u043d \u0438\u0434\u0435\u0430\u043b\u044c\u043d\u043e \u043f\u043e\u0434\u0445\u043e\u0434\u0438\u0442 \u0434\u043b\u044f \u0441\u0442\u0440\u043e\u0438\u0442\u0435\u043b\u044c\u043d\u044b\u0445 \u0438 \u043c\u043e\u043d\u0442\u0430\u0436\u043d\u044b\u0445 \u0440\u0430\u0431\u043e\u0442, \u043e\u0431\u0435\u0441\u043f\u0435\u0447\u0438\u0432\u0430\u044f \u0430\u0432\u0442\u043e\u043d\u043e\u043c\u043d\u043e\u0441\u0442\u044c<\/p>\n","protected":false},"featured_media":67114,"comment_status":"open","ping_status":"closed","template":"","meta":[],"product_cat":[4055],"product_tag":[],"acf":[],"_links":{"self":[{"href":"https:\/\/profitehnika.com.ua\/ru\/wp-json\/wp\/v2\/product\/57774"}],"collection":[{"href":"https:\/\/profitehnika.com.ua\/ru\/wp-json\/wp\/v2\/product"}],"about":[{"href":"https:\/\/profitehnika.com.ua\/ru\/wp-json\/wp\/v2\/types\/product"}],"replies":[{"embeddable":true,"href":"https:\/\/profitehnika.com.ua\/ru\/wp-json\/wp\/v2\/comments?post=57774"}],"wp:featuredmedia":[{"embeddable":true,"href":"https:\/\/profitehnika.com.ua\/ru\/wp-json\/wp\/v2\/media\/67114"}],"wp:attachment":[{"href":"https:\/\/profitehnika.com.ua\/ru\/wp-json\/wp\/v2\/media?parent=57774"}],"wp:term":[{"taxonomy":"product_cat","embeddable":true,"href":"https:\/\/profitehnika.com.ua\/ru\/wp-json\/wp\/v2\/product_cat?post=57774"},{"taxonomy":"product_tag","embeddable":true,"href":"https:\/\/profitehnika.com.ua\/ru\/wp-json\/wp\/v2\/product_tag?post=57774"}],"curies":[{"name":"wp","href":"https:\/\/api.w.org\/{rel}","templated":true}]}}