{"id":63400,"date":"2025-03-06T15:56:26","date_gmt":"2025-03-06T13:56:26","guid":{"rendered":"https:\/\/profitehnika.com.ua\/?post_type=product&#038;p=63400"},"modified":"2025-05-13T16:52:12","modified_gmt":"2025-05-13T14:52:12","slug":"kamnerez-profi-tec-pms350","status":"publish","type":"product","link":"https:\/\/profitehnika.com.ua\/ru\/product\/kamnerez-profi-tec-pms350\/","title":{"rendered":"\u041a\u0430\u043c\u043d\u0435\u0440\u0435\u0437 PROFI-TEC PMS350"},"content":{"rendered":"<p style=\"text-align: left;\"><span style=\"color: #000000;\"><strong>\u041a\u0430\u043c\u0435\u043d\u0435\u0440\u0435\u0437 PROFI-TEC PMS350<\/strong> &#8212; \u044d\u0442\u043e \u044d\u0444\u0444\u0435\u043a\u0442\u0438\u0432\u043d\u043e\u0435, \u043c\u043e\u0449\u043d\u043e\u0435 \u0438 \u0431\u0435\u0437\u043e\u043f\u0430\u0441\u043d\u043e\u0435 \u0443\u0441\u0442\u0440\u043e\u0439\u0441\u0442\u0432\u043e \u0434\u043b\u044f \u043f\u0440\u043e\u0444\u0435\u0441\u0441\u0438\u043e\u043d\u0430\u043b\u044c\u043d\u043e\u0433\u043e \u0438\u0441\u043f\u043e\u043b\u044c\u0437\u043e\u0432\u0430\u043d\u0438\u044f, \u0441\u043f\u0435\u0446\u0438\u0430\u043b\u044c\u043d\u043e \u0440\u0430\u0437\u0440\u0430\u0431\u043e\u0442\u0430\u043d\u043d\u043e\u0435 \u0434\u043b\u044f \u0442\u043e\u0447\u043d\u043e\u0439 \u0440\u0435\u0437\u043a\u0438 \u0442\u0432\u0435\u0440\u0434\u044b\u0445 \u043c\u0430\u0442\u0435\u0440\u0438\u0430\u043b\u043e\u0432, \u0442\u0430\u043a\u0438\u0445 \u043a\u0430\u043a \u043a\u0435\u0440\u0430\u043c\u043e\u0433\u0440\u0430\u043d, \u043a\u0435\u0440\u0430\u043c\u043e\u0433\u0440\u0430\u043d, \u0434\u044e\u0440\u043d\u044b\u0439 \u043a\u0430\u043c\u0435\u043d\u044c, \u0430 \u0442\u0430\u043a\u0436\u0435 \u0431\u0435\u0442\u043e\u043d\u043d\u044b\u0435 \u0438 \u0433\u0430\u0437\u043e\u0431\u0435\u0442\u043e\u043d\u043d\u044b\u0435 \u0431\u043b\u043e\u043a\u0438. \u0411\u043b\u0430\u0433\u043e\u0434\u0430\u0440\u044f \u0432\u044b\u0441\u043e\u043a\u043e\u0439 \u043f\u0440\u043e\u0438\u0437\u0432\u043e\u0434\u0438\u0442\u0435\u043b\u044c\u043d\u043e\u0441\u0442\u0438 \u043e\u043d \u0448\u0438\u0440\u043e\u043a\u043e \u043f\u0440\u0438\u043c\u0435\u043d\u044f\u0435\u0442\u0441\u044f \u0432 \u0441\u0442\u0440\u043e\u0438\u0442\u0435\u043b\u044c\u0441\u0442\u0432\u0435, \u0440\u0435\u043c\u043e\u043d\u0442\u0435 \u0438 \u043a\u0430\u043c\u043d\u0435\u043e\u0431\u0440\u0430\u0431\u043e\u0442\u043a\u0435, \u043e\u0431\u0435\u0441\u043f\u0435\u0447\u0438\u0432\u0430\u044f \u043a\u0430\u0447\u0435\u0441\u0442\u0432\u0435\u043d\u043d\u044b\u0439, \u0447\u0438\u0441\u0442\u044b\u0439 \u0438 \u0440\u043e\u0432\u043d\u044b\u0439 \u0440\u0430\u0437\u0440\u0435\u0437.<\/span><\/p>\n<p><span style=\"color: #000000;\"><strong>\u041e\u0441\u043e\u0431\u0435\u043d\u043d\u043e\u0441\u0442\u0438 \u043a\u0430\u043c\u043d\u0435\u0440\u0435\u0437\u0430 \u200b\u200bPROFI-TEC PMS350:<\/strong><\/span><\/p>\n<ul>\n<li><span style=\"color: #000000;\">\u041c\u043e\u0449\u043d\u044b\u0439 \u0434\u0432\u0438\u0433\u0430\u0442\u0435\u043b\u044c 2 \u043a\u0412\u0442 \u043e\u0431\u0435\u0441\u043f\u0435\u0447\u0438\u0432\u0430\u0435\u0442 \u0441\u0442\u0430\u0431\u0438\u043b\u044c\u043d\u0443\u044e \u0441\u043a\u043e\u0440\u043e\u0441\u0442\u044c \u0438 \u044d\u0444\u0444\u0435\u043a\u0442\u0438\u0432\u043d\u0443\u044e \u0440\u0430\u0431\u043e\u0442\u0443 \u0441 \u0442\u0432\u0435\u0440\u0434\u044b\u043c\u0438 \u043c\u0430\u0442\u0435\u0440\u0438\u0430\u043b\u0430\u043c\u0438;<\/span><\/li>\n<li><span style=\"color: #000000;\">\u0414\u043b\u0438\u043d\u0430 \u0440\u0435\u0437\u0430 80 \u0441\u043c \u043f\u043e\u0437\u0432\u043e\u043b\u044f\u0435\u0442 \u043e\u0431\u0440\u0430\u0431\u0430\u0442\u044b\u0432\u0430\u0442\u044c \u043a\u0440\u0443\u043f\u043d\u043e\u0444\u043e\u0440\u043c\u0430\u0442\u043d\u044b\u0435 \u043f\u043b\u0438\u0442\u044b \u0431\u0435\u0437 \u0434\u043e\u043f\u043e\u043b\u043d\u0438\u0442\u0435\u043b\u044c\u043d\u044b\u0445 \u0440\u0430\u0437\u0440\u0435\u0437\u043e\u0432;<\/span><\/li>\n<li><span style=\"color: #000000;\">\u0414\u0438\u0430\u043c\u0435\u0442\u0440 \u0434\u0438\u0441\u043a\u0430 350 \u043c\u043c \u043e\u0431\u0435\u0441\u043f\u0435\u0447\u0438\u0432\u0430\u0435\u0442 \u0433\u043b\u0443\u0431\u043e\u043a\u0438\u0439 \u0440\u0435\u0437 \u0438 \u043f\u043e\u0437\u0432\u043e\u043b\u044f\u0435\u0442 \u0440\u0430\u0431\u043e\u0442\u0430\u0442\u044c \u0441 \u0442\u043e\u043b\u0441\u0442\u044b\u043c\u0438 \u043c\u0430\u0442\u0435\u0440\u0438\u0430\u043b\u0430\u043c\u0438;<\/span><\/li>\n<li><span style=\"color: #000000;\">\u0412\u043e\u0437\u043c\u043e\u0436\u043d\u043e\u0441\u0442\u044c \u0440\u0435\u0437\u043a\u0438 \u043f\u043e\u0434 \u0443\u0433\u043b\u043e\u043c 0\u00b0 &#8212; 45\u00b0 \u043f\u043e\u0437\u0432\u043e\u043b\u044f\u0435\u0442 \u0432\u044b\u043f\u043e\u043b\u043d\u044f\u0442\u044c \u0442\u043e\u0447\u043d\u044b\u0435 \u0444\u0430\u0441\u043e\u043d\u043d\u044b\u0435 \u0438 \u0443\u0433\u043b\u043e\u0432\u044b\u0435 \u0440\u0430\u0441\u043f\u0438\u043b\u044b;<\/span><\/li>\n<li><span style=\"color: #000000;\">\u0420\u0435\u0433\u0443\u043b\u0438\u0440\u043e\u0432\u0430\u043d\u0438\u0435 \u0433\u043b\u0443\u0431\u0438\u043d\u044b \u043f\u0440\u043e\u043f\u0438\u043b\u0430 \u043f\u043e\u043c\u043e\u0433\u0430\u0435\u0442 \u0430\u0434\u0430\u043f\u0442\u0438\u0440\u043e\u0432\u0430\u0442\u044c \u0438\u043d\u0441\u0442\u0440\u0443\u043c\u0435\u043d\u0442 \u043a \u0440\u0430\u0437\u043b\u0438\u0447\u043d\u044b\u043c \u043c\u0430\u0442\u0435\u0440\u0438\u0430\u043b\u0430\u043c \u0438 \u0437\u0430\u0434\u0430\u0447\u0430\u043c;<\/span><\/li>\n<li><span style=\"color: #000000;\">\u0417\u0430\u0449\u0438\u0442\u043d\u044b\u0439 \u043a\u043e\u0436\u0443\u0445 \u043d\u0430 \u043f\u0438\u043b\u044c\u043d\u043e\u043c \u0434\u0438\u0441\u043a\u0435 \u0433\u0430\u0440\u0430\u043d\u0442\u0438\u0440\u0443\u0435\u0442 \u0431\u0435\u0437\u043e\u043f\u0430\u0441\u043d\u043e\u0441\u0442\u044c \u0440\u0430\u0431\u043e\u0442\u044b \u0438 \u0437\u0430\u0449\u0438\u0449\u0430\u0435\u0442 \u043e\u0442 \u043e\u0431\u043b\u043e\u043c\u043a\u043e\u0432;<\/span><\/li>\n<li><span style=\"color: #000000;\">\u041c\u0435\u0442\u0430\u043b\u043b\u0438\u0447\u0435\u0441\u043a\u0430\u044f \u0440\u0443\u043a\u043e\u044f\u0442\u044c \u0438 \u043a\u043e\u043b\u0435\u0441\u0430 \u043e\u0431\u0435\u0441\u043f\u0435\u0447\u0438\u0432\u0430\u044e\u0442 \u0443\u0434\u043e\u0431\u0441\u0442\u0432\u043e \u0442\u0440\u0430\u043d\u0441\u043f\u043e\u0440\u0442\u0438\u0440\u043e\u0432\u043a\u0438 \u0434\u0430\u0436\u0435 \u043d\u0430 \u0441\u0442\u0440\u043e\u0439\u043f\u043b\u043e\u0449\u0430\u0434\u043a\u0443;<\/span><\/li>\n<li><span style=\"color: #000000;\">\u041a\u043e\u0440\u043f\u0443\u0441 \u0441\u043e \u0441\u0442\u0435\u043f\u0435\u043d\u044c\u044e \u0437\u0430\u0449\u0438\u0442\u044b IP54 \u044d\u0444\u0444\u0435\u043a\u0442\u0438\u0432\u043d\u043e \u0437\u0430\u0449\u0438\u0449\u0430\u0435\u0442 \u0443\u0441\u0442\u0440\u043e\u0439\u0441\u0442\u0432\u043e \u043e\u0442 \u043f\u044b\u043b\u0438, \u0432\u043b\u0430\u0433\u0438 \u0438 \u043f\u043e\u0432\u0440\u0435\u0436\u0434\u0435\u043d\u0438\u0439;<\/span><\/li>\n<li><span style=\"color: #000000;\">\u0421\u0438\u0441\u0442\u0435\u043c\u0430 \u043f\u043e\u0434\u0430\u0447\u0438 \u0432\u043e\u0434\u044b \u043e\u0445\u043b\u0430\u0436\u0434\u0430\u0435\u0442 \u0434\u0438\u0441\u043a, \u0443\u043c\u0435\u043d\u044c\u0448\u0430\u0435\u0442 \u043e\u0431\u0440\u0430\u0437\u043e\u0432\u0430\u043d\u0438\u0435 \u043f\u044b\u043b\u0438 \u0438 \u043f\u0440\u0435\u0434\u043e\u0442\u0432\u0440\u0430\u0449\u0430\u0435\u0442 \u0435\u0435 \u043f\u0435\u0440\u0435\u0433\u0440\u0435\u0432;<\/span><\/li>\n<li><span style=\"color: #000000;\">\u0423\u0434\u043b\u0438\u043d\u0435\u043d\u043d\u044b\u0439 \u0440\u0430\u0431\u043e\u0447\u0438\u0439 \u0441\u0442\u043e\u043b \u0433\u0430\u0440\u0430\u043d\u0442\u0438\u0440\u0443\u0435\u0442 \u0443\u0441\u0442\u043e\u0439\u0447\u0438\u0432\u043e\u0441\u0442\u044c \u0438 \u043a\u043e\u043c\u0444\u043e\u0440\u0442 \u043f\u0440\u0438 \u0440\u0430\u0431\u043e\u0442\u0435 \u0441 \u0433\u0430\u0431\u0430\u0440\u0438\u0442\u043d\u044b\u043c\u0438 \u0437\u0430\u0433\u043e\u0442\u043e\u0432\u043a\u0430\u043c\u0438;<\/span><\/li>\n<li><span style=\"color: #000000;\">\u0428\u043a\u0430\u043b\u044b \u0438 \u043b\u0438\u043d\u0435\u0439\u043a\u0438 \u043f\u043e\u0437\u0432\u043e\u043b\u044f\u044e\u0442 \u0431\u044b\u0441\u0442\u0440\u043e \u0438 \u0442\u043e\u0447\u043d\u043e \u0432\u044b\u0441\u0442\u0430\u0432\u043b\u044f\u0442\u044c \u0440\u0430\u0437\u043c\u0435\u0440\u044b \u0438 \u0443\u0433\u043b\u044b \u0440\u0435\u0437\u043a\u0438 \u0431\u0435\u0437 \u0438\u0437\u043c\u0435\u0440\u0435\u043d\u0438\u0439;<\/span><\/li>\n<li><span style=\"color: #000000;\">\u0424\u0438\u043a\u0441\u0430\u0446\u0438\u044f \u0437\u0430\u0433\u043e\u0442\u043e\u0432\u043a\u0438 \u043d\u0430 \u0441\u0442\u043e\u043b\u0435-\u043a\u0430\u0440\u0435\u0442\u043a\u0435 \u043e\u0431\u0435\u0441\u043f\u0435\u0447\u0438\u0432\u0430\u0435\u0442 \u043a\u043e\u043d\u0442\u0440\u043e\u043b\u044c \u043f\u043e\u0434\u0430\u0447\u0438 \u0438\u0437\u0434\u0435\u043b\u0438\u044f \u0438 \u0432\u044b\u0441\u043e\u043a\u0443\u044e \u0442\u043e\u0447\u043d\u043e\u0441\u0442\u044c \u0440\u0435\u0437\u0430.<\/span><\/li>\n<\/ul>\n<p><span style=\"color: #000000;\"><strong>\u041a\u043e\u043c\u043f\u043b\u0435\u043a\u0442 \u043f\u043e\u0441\u0442\u0430\u0432\u043a\u0438:<\/strong><\/span><\/p>\n<ul>\n<li><span style=\"color: #000000;\">\u041a\u0430\u043c\u043d\u0435\u0440\u0435\u0437 PROFI-TEC PMS350;<\/span><\/li>\n<li><span style=\"color: #000000;\">\u0410\u043b\u043c\u0430\u0437\u043d\u044b\u0439 \u0434\u0438\u0441\u043a (350\u00d73.2\u00d710\u00d725.4\u041d);<\/span><\/li>\n<li><span style=\"color: #000000;\">\u0420\u0443\u043a\u043e\u044f\u0442\u043a\u0430 \u0440\u0435\u0433\u0443\u043b\u0438\u0440\u043e\u0432\u043a\u0438 \u0443\u0433\u043b\u0430 \u043d\u0430\u043a\u043b\u043e\u043d\u0430 \u0434\u0438\u0441\u043a\u0430;<\/span><\/li>\n<li><span style=\"color: #000000;\">\u0413\u0430\u0435\u0447\u043d\u044b\u0439 \u043a\u043b\u044e\u0447;<\/span><\/li>\n<li><span style=\"color: #000000;\">\u0428\u0435\u0441\u0442\u0438\u0433\u0440\u0430\u043d\u043d\u044b\u0439 \u043a\u043b\u044e\u0447;<\/span><\/li>\n<li><span style=\"color: #000000;\">\u0418\u043d\u0441\u0442\u0440\u0443\u043a\u0446\u0438\u044f \u043f\u043e \u044d\u043a\u0441\u043f\u043b\u0443\u0430\u0442\u0430\u0446\u0438\u0438;<\/span><\/li>\n<li><span style=\"color: #000000;\">\u0413\u0430\u0440\u0430\u043d\u0442\u0438\u0439\u043d\u044b\u0439 \u0442\u0430\u043b\u043e\u043d;<\/span><\/li>\n<li><span style=\"color: #000000;\">\u0423\u043f\u0430\u043a\u043e\u0432\u043a\u0430 \u2013 \u043a\u0430\u0440\u0442\u043e\u043d\u043d\u0430\u044f \u043a\u043e\u0440\u043e\u0431\u043a\u0430.<\/span><\/li>\n<\/ul>\n","protected":false},"excerpt":{"rendered":"<p>\u041a\u0430\u043c\u0435\u043d\u0435\u0440\u0435\u0437 PROFI-TEC PMS350 &#8212; \u044d\u0442\u043e \u044d\u0444\u0444\u0435\u043a\u0442\u0438\u0432\u043d\u043e\u0435, \u043c\u043e\u0449\u043d\u043e\u0435 \u0438 \u0431\u0435\u0437\u043e\u043f\u0430\u0441\u043d\u043e\u0435 \u0443\u0441\u0442\u0440\u043e\u0439\u0441\u0442\u0432\u043e \u0434\u043b\u044f \u043f\u0440\u043e\u0444\u0435\u0441\u0441\u0438\u043e\u043d\u0430\u043b\u044c\u043d\u043e\u0433\u043e \u0438\u0441\u043f\u043e\u043b\u044c\u0437\u043e\u0432\u0430\u043d\u0438\u044f, \u0441\u043f\u0435\u0446\u0438\u0430\u043b\u044c\u043d\u043e \u0440\u0430\u0437\u0440\u0430\u0431\u043e\u0442\u0430\u043d\u043d\u043e\u0435 \u0434\u043b\u044f \u0442\u043e\u0447\u043d\u043e\u0439 \u0440\u0435\u0437\u043a\u0438 \u0442\u0432\u0435\u0440\u0434\u044b\u0445 \u043c\u0430\u0442\u0435\u0440\u0438\u0430\u043b\u043e\u0432, \u0442\u0430\u043a\u0438\u0445 \u043a\u0430\u043a \u043a\u0435\u0440\u0430\u043c\u043e\u0433\u0440\u0430\u043d, \u043a\u0435\u0440\u0430\u043c\u043e\u0433\u0440\u0430\u043d, \u0434\u044e\u0440\u043d\u044b\u0439 \u043a\u0430\u043c\u0435\u043d\u044c, \u0430 \u0442\u0430\u043a\u0436\u0435 \u0431\u0435\u0442\u043e\u043d\u043d\u044b\u0435 \u0438<\/p>\n","protected":false},"featured_media":63377,"comment_status":"open","ping_status":"closed","template":"","meta":[],"product_cat":[2404],"product_tag":[],"acf":[],"_links":{"self":[{"href":"https:\/\/profitehnika.com.ua\/ru\/wp-json\/wp\/v2\/product\/63400"}],"collection":[{"href":"https:\/\/profitehnika.com.ua\/ru\/wp-json\/wp\/v2\/product"}],"about":[{"href":"https:\/\/profitehnika.com.ua\/ru\/wp-json\/wp\/v2\/types\/product"}],"replies":[{"embeddable":true,"href":"https:\/\/profitehnika.com.ua\/ru\/wp-json\/wp\/v2\/comments?post=63400"}],"wp:featuredmedia":[{"embeddable":true,"href":"https:\/\/profitehnika.com.ua\/ru\/wp-json\/wp\/v2\/media\/63377"}],"wp:attachment":[{"href":"https:\/\/profitehnika.com.ua\/ru\/wp-json\/wp\/v2\/media?parent=63400"}],"wp:term":[{"taxonomy":"product_cat","embeddable":true,"href":"https:\/\/profitehnika.com.ua\/ru\/wp-json\/wp\/v2\/product_cat?post=63400"},{"taxonomy":"product_tag","embeddable":true,"href":"https:\/\/profitehnika.com.ua\/ru\/wp-json\/wp\/v2\/product_tag?post=63400"}],"curies":[{"name":"wp","href":"https:\/\/api.w.org\/{rel}","templated":true}]}}