{"id":69445,"date":"2026-01-07T09:33:12","date_gmt":"2026-01-07T07:33:12","guid":{"rendered":"https:\/\/profitehnika.com.ua\/?post_type=product&#038;p=69445"},"modified":"2026-01-08T12:02:50","modified_gmt":"2026-01-08T10:02:50","slug":"disk-pilnyj-milwaukee-ptfe-o165x20x16-mm-40-zubev-3-4932471932","status":"publish","type":"product","link":"https:\/\/profitehnika.com.ua\/ru\/product\/disk-pilnyj-milwaukee-ptfe-o165x20x16-mm-40-zubev-3-4932471932\/","title":{"rendered":"\u0414\u0438\u0441\u043a \u043f\u0438\u043b\u044c\u043d\u044b\u0439 Milwaukee PTFE \u00d8165\u00d720\u00d71,6 \u043c\u043c, 40 \u0437\u0443\u0431\u044c\u0435\u0432 3 (4932471932)"},"content":{"rendered":"<p><span style=\"color: #000000;\"><strong data-start=\"52\" data-end=\"88\">\u041f\u0438\u043b\u044c\u043d\u044b\u0439 \u0434\u0438\u0441\u043a \u043f\u043e \u0434\u0435\u0440\u0435\u0432\u0443 Milwaukee<\/strong> \u2014 \u0432\u044b\u0441\u043e\u043a\u043e\u043a\u0430\u0447\u0435\u0441\u0442\u0432\u0435\u043d\u043d\u044b\u0439 \u043f\u0440\u043e\u0444\u0435\u0441\u0441\u0438\u043e\u043d\u0430\u043b\u044c\u043d\u044b\u0439 \u0440\u0435\u0436\u0443\u0449\u0438\u0439 \u0438\u043d\u0441\u0442\u0440\u0443\u043c\u0435\u043d\u0442, \u043f\u0440\u0435\u0434\u043d\u0430\u0437\u043d\u0430\u0447\u0435\u043d\u043d\u044b\u0439 \u0434\u043b\u044f \u0442\u043e\u0447\u043d\u043e\u0433\u043e \u0438 \u0447\u0438\u0441\u0442\u043e\u0433\u043e \u0440\u0430\u0441\u043f\u0438\u043b\u0430 \u0442\u0432\u0435\u0440\u0434\u044b\u0445 \u0438 \u043c\u044f\u0433\u043a\u0438\u0445 \u043f\u043e\u0440\u043e\u0434 \u0434\u0440\u0435\u0432\u0435\u0441\u0438\u043d\u044b \u0441 \u0438\u0441\u043f\u043e\u043b\u044c\u0437\u043e\u0432\u0430\u043d\u0438\u0435\u043c \u0442\u043e\u0440\u0446\u043e\u0432\u043e\u0447\u043d\u044b\u0445 \u043f\u0438\u043b. \u0411\u043b\u0430\u0433\u043e\u0434\u0430\u0440\u044f \u043f\u0440\u0438\u043c\u0435\u043d\u0435\u043d\u0438\u044e \u043f\u0435\u0440\u0435\u0434\u043e\u0432\u044b\u0445 \u0442\u0435\u0445\u043d\u043e\u043b\u043e\u0433\u0438\u0439 \u0438 \u0441\u043e\u0432\u0440\u0435\u043c\u0435\u043d\u043d\u044b\u0445 \u043c\u0430\u0442\u0435\u0440\u0438\u0430\u043b\u043e\u0432 \u0434\u0438\u0441\u043a \u043e\u0431\u0435\u0441\u043f\u0435\u0447\u0438\u0432\u0430\u0435\u0442 \u0441\u0442\u0430\u0431\u0438\u043b\u044c\u043d\u0443\u044e \u0440\u0430\u0431\u043e\u0442\u0443, \u0432\u044b\u0441\u043e\u043a\u0443\u044e \u0441\u043a\u043e\u0440\u043e\u0441\u0442\u044c \u0440\u0435\u0437\u0430 \u0438 \u043e\u0442\u043b\u0438\u0447\u043d\u044b\u0439 \u0440\u0435\u0437\u0443\u043b\u044c\u0442\u0430\u0442 \u0434\u0430\u0436\u0435 \u043f\u0440\u0438 \u0438\u043d\u0442\u0435\u043d\u0441\u0438\u0432\u043d\u043e\u0439 \u043d\u0430\u0433\u0440\u0443\u0437\u043a\u0435.<\/span><\/p>\n<p data-start=\"441\" data-end=\"496\"><span style=\"color: #000000;\"><strong data-start=\"445\" data-end=\"496\">\u041e\u0441\u043e\u0431\u0435\u043d\u043d\u043e\u0441\u0442\u0438 \u043f\u0438\u043b\u044c\u043d\u043e\u0433\u043e \u0434\u0438\u0441\u043a\u0430 \u043f\u043e \u0434\u0435\u0440\u0435\u0432\u0443 Milwaukee 4932471932:<\/strong><\/span><\/p>\n<ul data-start=\"498\" data-end=\"1042\">\n<li data-start=\"498\" data-end=\"633\"><span style=\"color: #000000;\">PTFE-\u043f\u043e\u043a\u0440\u044b\u0442\u0438\u0435 \u0437\u043d\u0430\u0447\u0438\u0442\u0435\u043b\u044c\u043d\u043e \u0443\u043c\u0435\u043d\u044c\u0448\u0430\u0435\u0442 \u0442\u0440\u0435\u043d\u0438\u0435, \u043e\u0431\u0435\u0441\u043f\u0435\u0447\u0438\u0432\u0430\u0435\u0442 \u00ab\u0445\u043e\u043b\u043e\u0434\u043d\u044b\u0439\u00bb \u0440\u0435\u0437, \u0437\u0430\u0449\u0438\u0449\u0430\u0435\u0442 \u0434\u0438\u0441\u043a \u043e\u0442 \u043a\u043e\u0440\u0440\u043e\u0437\u0438\u0438 \u0438 \u043f\u0440\u0435\u0434\u043e\u0442\u0432\u0440\u0430\u0449\u0430\u0435\u0442 \u043d\u0430\u043b\u0438\u043f\u0430\u043d\u0438\u0435 \u0441\u043c\u043e\u043b\u044b;<\/span><\/li>\n<li data-start=\"634\" data-end=\"765\"><span style=\"color: #000000;\">\u041b\u0430\u0437\u0435\u0440\u043d\u043e \u0432\u044b\u0440\u0435\u0437\u0430\u043d\u043d\u044b\u0435 \u0430\u043d\u0442\u0438\u0432\u0438\u0431\u0440\u0430\u0446\u0438\u043e\u043d\u043d\u044b\u0435 \u043f\u0440\u043e\u0440\u0435\u0437\u0438, \u0437\u0430\u043f\u043e\u043b\u043d\u0435\u043d\u043d\u044b\u0435 \u043f\u043e\u043b\u0438\u0443\u0440\u0435\u0442\u0430\u043d\u043e\u043c, \u044d\u0444\u0444\u0435\u043a\u0442\u0438\u0432\u043d\u043e \u0441\u043d\u0438\u0436\u0430\u044e\u0442 \u0432\u0438\u0431\u0440\u0430\u0446\u0438\u044e \u0438 \u043f\u043e\u0432\u044b\u0448\u0430\u044e\u0442 \u0442\u043e\u0447\u043d\u043e\u0441\u0442\u044c \u0440\u0430\u0441\u043f\u0438\u043b\u0430;<\/span><\/li>\n<li data-start=\"766\" data-end=\"890\"><span style=\"color: #000000;\">\u0412\u044b\u0441\u043e\u043a\u043e\u0442\u043e\u0447\u043d\u043e\u0435 \u043b\u0430\u0437\u0435\u0440\u043d\u043e\u0435 \u0432\u044b\u0440\u0435\u0437\u0430\u043d\u0438\u0435 \u043a\u043e\u0440\u043f\u0443\u0441\u0430 \u0434\u0438\u0441\u043a\u0430 \u0433\u0430\u0440\u0430\u043d\u0442\u0438\u0440\u0443\u0435\u0442 \u0438\u0434\u0435\u0430\u043b\u044c\u043d\u044b\u0439 \u0431\u0430\u043b\u0430\u043d\u0441, \u0441\u0442\u0430\u0431\u0438\u043b\u044c\u043d\u043e\u0441\u0442\u044c \u0438 \u0434\u043b\u0438\u0442\u0435\u043b\u044c\u043d\u044b\u0439 \u0441\u0440\u043e\u043a \u044d\u043a\u0441\u043f\u043b\u0443\u0430\u0442\u0430\u0446\u0438\u0438;<\/span><\/li>\n<li data-start=\"891\" data-end=\"1042\"><span style=\"color: #000000;\">\u0417\u0443\u0431\u044c\u044f \u0438\u0437 \u043a\u0430\u0440\u0431\u0438\u0434\u0430 \u0432\u043e\u043b\u044c\u0444\u0440\u0430\u043c\u0430 \u0441 \u043a\u043e\u0431\u0430\u043b\u044c\u0442\u043e\u0432\u044b\u043c \u043d\u0430\u043f\u044b\u043b\u0435\u043d\u0438\u0435\u043c \u043e\u0431\u0435\u0441\u043f\u0435\u0447\u0438\u0432\u0430\u044e\u0442 \u0432\u044b\u0441\u043e\u043a\u0443\u044e \u0438\u0437\u043d\u043e\u0441\u043e\u0441\u0442\u043e\u0439\u043a\u043e\u0441\u0442\u044c, \u043e\u0441\u0442\u0440\u043e\u0442\u0443 \u0438 \u0447\u0438\u0441\u0442\u043e\u0442\u0443 \u0440\u0435\u0437\u0430 \u043d\u0430 \u043f\u0440\u043e\u0442\u044f\u0436\u0435\u043d\u0438\u0438 \u0434\u043b\u0438\u0442\u0435\u043b\u044c\u043d\u043e\u0433\u043e \u0432\u0440\u0435\u043c\u0435\u043d\u0438.<\/span><\/li>\n<\/ul>\n<p data-start=\"1044\" data-end=\"1070\"><span style=\"color: #000000;\"><strong data-start=\"1048\" data-end=\"1070\">\u041a\u043e\u043c\u043f\u043b\u0435\u043a\u0442 \u043f\u043e\u0441\u0442\u0430\u0432\u043a\u0438:<\/strong><\/span><\/p>\n<ul data-start=\"1072\" data-end=\"1126\" data-is-last-node=\"\" data-is-only-node=\"\">\n<li data-start=\"1072\" data-end=\"1114\"><span style=\"color: #000000;\">\u041f\u0438\u043b\u044c\u043d\u044b\u0439 \u0434\u0438\u0441\u043a \u043f\u043e \u0434\u0435\u0440\u0435\u0432\u0443 Milwaukee PFTE;<\/span><\/li>\n<li data-start=\"1115\" data-end=\"1126\" data-is-last-node=\"\"><span style=\"color: #000000;\">\u0423\u043f\u0430\u043a\u043e\u0432\u043a\u0430<\/span><\/li>\n<\/ul>\n","protected":false},"excerpt":{"rendered":"<p>\u041f\u0438\u043b\u044c\u043d\u044b\u0439 \u0434\u0438\u0441\u043a \u043f\u043e \u0434\u0435\u0440\u0435\u0432\u0443 Milwaukee \u2014 \u0432\u044b\u0441\u043e\u043a\u043e\u043a\u0430\u0447\u0435\u0441\u0442\u0432\u0435\u043d\u043d\u044b\u0439 \u043f\u0440\u043e\u0444\u0435\u0441\u0441\u0438\u043e\u043d\u0430\u043b\u044c\u043d\u044b\u0439 \u0440\u0435\u0436\u0443\u0449\u0438\u0439 \u0438\u043d\u0441\u0442\u0440\u0443\u043c\u0435\u043d\u0442, \u043f\u0440\u0435\u0434\u043d\u0430\u0437\u043d\u0430\u0447\u0435\u043d\u043d\u044b\u0439 \u0434\u043b\u044f \u0442\u043e\u0447\u043d\u043e\u0433\u043e \u0438 \u0447\u0438\u0441\u0442\u043e\u0433\u043e \u0440\u0430\u0441\u043f\u0438\u043b\u0430 \u0442\u0432\u0435\u0440\u0434\u044b\u0445 \u0438 \u043c\u044f\u0433\u043a\u0438\u0445 \u043f\u043e\u0440\u043e\u0434 \u0434\u0440\u0435\u0432\u0435\u0441\u0438\u043d\u044b \u0441 \u0438\u0441\u043f\u043e\u043b\u044c\u0437\u043e\u0432\u0430\u043d\u0438\u0435\u043c \u0442\u043e\u0440\u0446\u043e\u0432\u043e\u0447\u043d\u044b\u0445 \u043f\u0438\u043b. \u0411\u043b\u0430\u0433\u043e\u0434\u0430\u0440\u044f \u043f\u0440\u0438\u043c\u0435\u043d\u0435\u043d\u0438\u044e \u043f\u0435\u0440\u0435\u0434\u043e\u0432\u044b\u0445 \u0442\u0435\u0445\u043d\u043e\u043b\u043e\u0433\u0438\u0439 \u0438<\/p>\n","protected":false},"featured_media":69451,"comment_status":"open","ping_status":"closed","template":"","meta":[],"product_cat":[3581],"product_tag":[],"acf":[],"_links":{"self":[{"href":"https:\/\/profitehnika.com.ua\/ru\/wp-json\/wp\/v2\/product\/69445"}],"collection":[{"href":"https:\/\/profitehnika.com.ua\/ru\/wp-json\/wp\/v2\/product"}],"about":[{"href":"https:\/\/profitehnika.com.ua\/ru\/wp-json\/wp\/v2\/types\/product"}],"replies":[{"embeddable":true,"href":"https:\/\/profitehnika.com.ua\/ru\/wp-json\/wp\/v2\/comments?post=69445"}],"wp:featuredmedia":[{"embeddable":true,"href":"https:\/\/profitehnika.com.ua\/ru\/wp-json\/wp\/v2\/media\/69451"}],"wp:attachment":[{"href":"https:\/\/profitehnika.com.ua\/ru\/wp-json\/wp\/v2\/media?parent=69445"}],"wp:term":[{"taxonomy":"product_cat","embeddable":true,"href":"https:\/\/profitehnika.com.ua\/ru\/wp-json\/wp\/v2\/product_cat?post=69445"},{"taxonomy":"product_tag","embeddable":true,"href":"https:\/\/profitehnika.com.ua\/ru\/wp-json\/wp\/v2\/product_tag?post=69445"}],"curies":[{"name":"wp","href":"https:\/\/api.w.org\/{rel}","templated":true}]}}