{"id":69482,"date":"2026-01-07T11:15:08","date_gmt":"2026-01-07T09:15:08","guid":{"rendered":"https:\/\/profitehnika.com.ua\/?post_type=product&#038;p=69482"},"modified":"2026-01-08T12:02:11","modified_gmt":"2026-01-08T10:02:11","slug":"nabor-bit-i-sverl-po-mnogim-materialam-milwaukee-shockwave-39-sht-4932479854","status":"publish","type":"product","link":"https:\/\/profitehnika.com.ua\/ru\/product\/nabor-bit-i-sverl-po-mnogim-materialam-milwaukee-shockwave-39-sht-4932479854\/","title":{"rendered":"\u041d\u0430\u0431\u043e\u0440 \u0431\u0438\u0442 \u0438 \u0441\u0432\u0435\u0440\u043b \u043f\u043e \u043c\u043d\u043e\u0433\u0438\u043c \u043c\u0430\u0442\u0435\u0440\u0438\u0430\u043b\u0430\u043c Milwaukee SHOCKWAVE (39 \u0448\u0442.) (4932479854)"},"content":{"rendered":"<p><span style=\"color: #000000;\"><strong>\u041d\u0430\u0431\u043e\u0440 \u0431\u0438\u0442 \u0438 \u0441\u0432\u0435\u0440\u043b \u043f\u043e \u043c\u043d\u043e\u0433\u0438\u043c \u043c\u0430\u0442\u0435\u0440\u0438\u0430\u043b\u0430\u043c Milwaukee SHOCKWAVE <\/strong>\u2014 \u0432\u044b\u0441\u043e\u043a\u043e\u043a\u0430\u0447\u0435\u0441\u0442\u0432\u0435\u043d\u043d\u044b\u0439 \u043f\u0440\u043e\u0444\u0435\u0441\u0441\u0438\u043e\u043d\u0430\u043b\u044c\u043d\u044b\u0439 \u043a\u043e\u043c\u043f\u043b\u0435\u043a\u0442 \u0438\u043d\u0441\u0442\u0440\u0443\u043c\u0435\u043d\u0442\u043e\u0432, \u0432\u043a\u043b\u044e\u0447\u0430\u044e\u0449\u0438\u0439 39 \u044d\u043b\u0435\u043c\u0435\u043d\u0442\u043e\u0432: \u0431\u0438\u0442\u044b \u0438 \u0441\u0432\u0435\u0440\u043b\u0430, \u0441\u043f\u0435\u0446\u0438\u0430\u043b\u044c\u043d\u043e \u0440\u0430\u0437\u0440\u0430\u0431\u043e\u0442\u0430\u043d\u043d\u044b\u0435 \u0434\u043b\u044f \u044d\u0444\u0444\u0435\u043a\u0442\u0438\u0432\u043d\u043e\u0439 \u0440\u0430\u0431\u043e\u0442\u044b \u0441 \u0440\u0430\u0437\u043b\u0438\u0447\u043d\u044b\u043c\u0438 \u043c\u0430\u0442\u0435\u0440\u0438\u0430\u043b\u0430\u043c\u0438. \u0412\u0441\u0435 \u044d\u043b\u0435\u043c\u0435\u043d\u0442\u044b \u043d\u0430\u0431\u043e\u0440\u0430 \u0438\u0437\u0433\u043e\u0442\u043e\u0432\u043b\u0435\u043d\u044b \u0441 \u0438\u0441\u043f\u043e\u043b\u044c\u0437\u043e\u0432\u0430\u043d\u0438\u0435\u043c \u043f\u0435\u0440\u0435\u0434\u043e\u0432\u044b\u0445 \u0442\u0435\u0445\u043d\u043e\u043b\u043e\u0433\u0438\u0439 <strong data-start=\"330\" data-end=\"354\">Milwaukee SHOCKWAVE\u2122<\/strong>, \u0447\u0442\u043e \u043e\u0431\u0435\u0441\u043f\u0435\u0447\u0438\u0432\u0430\u0435\u0442 \u043f\u043e\u0432\u044b\u0448\u0435\u043d\u043d\u0443\u044e \u043f\u0440\u043e\u0447\u043d\u043e\u0441\u0442\u044c, \u0434\u043e\u043b\u0433\u043e\u0432\u0435\u0447\u043d\u043e\u0441\u0442\u044c \u0438 \u0442\u043e\u0447\u043d\u043e\u0441\u0442\u044c \u0434\u0430\u0436\u0435 \u043f\u0440\u0438 \u0438\u043d\u0442\u0435\u043d\u0441\u0438\u0432\u043d\u043e\u043c \u0438\u0441\u043f\u043e\u043b\u044c\u0437\u043e\u0432\u0430\u043d\u0438\u0438. \u041d\u0430\u0431\u043e\u0440 \u0438\u0434\u0435\u0430\u043b\u044c\u043d\u043e \u043f\u043e\u0434\u0445\u043e\u0434\u0438\u0442 \u0434\u043b\u044f \u0441\u0442\u0440\u043e\u0438\u0442\u0435\u043b\u044c\u043d\u044b\u0445, \u0440\u0435\u043c\u043e\u043d\u0442\u043d\u044b\u0445 \u0438 \u043c\u043e\u043d\u0442\u0430\u0436\u043d\u044b\u0445 \u0440\u0430\u0431\u043e\u0442, \u0430 \u0442\u0430\u043a\u0436\u0435 \u0434\u043b\u044f \u0434\u043e\u043c\u0430\u0448\u043d\u0435\u0433\u043e \u0438\u0441\u043f\u043e\u043b\u044c\u0437\u043e\u0432\u0430\u043d\u0438\u044f.<\/span><\/p>\n<p><span style=\"color: #000000;\"><strong data-start=\"565\" data-end=\"633\">\u041e\u0441\u043e\u0431\u0435\u043d\u043d\u043e\u0441\u0442\u0438 \u043d\u0430\u0431\u043e\u0440\u0430 \u0431\u0438\u0442 \u0438 \u0441\u0432\u0435\u0440\u043b Milwaukee SHOCKWAVE (4932479854):<\/strong><\/span><\/p>\n<ul data-start=\"637\" data-end=\"1198\">\n<li data-start=\"637\" data-end=\"717\"><span style=\"color: #000000;\">\u0418\u0437\u0433\u043e\u0442\u043e\u0432\u043b\u0435\u043d\u044b \u0438\u0437 \u043f\u0435\u0440\u0435\u0434\u043e\u0432\u044b\u0445 \u043c\u0430\u0442\u0435\u0440\u0438\u0430\u043b\u043e\u0432, \u0447\u0442\u043e \u043f\u043e\u0432\u044b\u0448\u0430\u0435\u0442 \u043f\u0440\u043e\u0447\u043d\u043e\u0441\u0442\u044c \u0438 \u0434\u043e\u043b\u0433\u043e\u0432\u0435\u0447\u043d\u043e\u0441\u0442\u044c;<\/span><\/li>\n<li data-start=\"718\" data-end=\"809\"><span style=\"color: #000000;\">\u0425\u0432\u043e\u0441\u0442\u043e\u0432\u0438\u043a RED HEX\u2122 \u043e\u0431\u0435\u0441\u043f\u0435\u0447\u0438\u0432\u0430\u0435\u0442 \u043f\u043b\u043e\u0442\u043d\u043e\u0435 \u0441\u0446\u0435\u043f\u043b\u0435\u043d\u0438\u0435 \u0441 \u043f\u0430\u0442\u0440\u043e\u043d\u043e\u043c, \u0441\u043d\u0438\u0436\u0430\u044f \u043f\u0440\u043e\u043a\u0440\u0443\u0447\u0438\u0432\u0430\u043d\u0438\u0435;<\/span><\/li>\n<li data-start=\"810\" data-end=\"891\"><span style=\"color: #000000;\">\u0411\u0438\u0442\u044b \u0438 \u0441\u0432\u0435\u0440\u043b\u0430 \u0438\u043c\u0435\u044e\u0442 \u0441\u0442\u0430\u043d\u0434\u0430\u0440\u0442\u043d\u0443\u044e \u0434\u043b\u0438\u043d\u0443 25\u00d725 \u043c\u043c \u0434\u043b\u044f \u0443\u043d\u0438\u0432\u0435\u0440\u0441\u0430\u043b\u044c\u043d\u043e\u0433\u043e \u043f\u0440\u0438\u043c\u0435\u043d\u0435\u043d\u0438\u044f;<\/span><\/li>\n<li data-start=\"892\" data-end=\"963\"><span style=\"color: #000000;\">\u041f\u043e\u0434\u0445\u043e\u0434\u044f\u0442 \u0434\u043b\u044f \u0440\u0430\u0431\u043e\u0442\u044b \u0441 \u0434\u0435\u0440\u0435\u0432\u043e\u043c, \u043c\u0435\u0442\u0430\u043b\u043b\u043e\u043c, \u041f\u0412\u0425 \u0438 \u0434\u0440\u0443\u0433\u0438\u043c\u0438 \u043c\u0430\u0442\u0435\u0440\u0438\u0430\u043b\u0430\u043c\u0438;<\/span><\/li>\n<li data-start=\"964\" data-end=\"1019\"><span style=\"color: #000000;\">\u0421\u043e\u0432\u043c\u0435\u0441\u0442\u0438\u043c\u044b \u0441 \u0448\u0443\u0440\u0443\u043f\u043e\u0432\u0435\u0440\u0442\u0430\u043c\u0438 \u0438 \u0443\u0434\u0430\u0440\u043d\u044b\u043c\u0438 \u0433\u0430\u0439\u043a\u043e\u0432\u0435\u0440\u0442\u0430\u043c\u0438;<\/span><\/li>\n<li data-start=\"1020\" data-end=\"1093\"><span style=\"color: #000000;\">\u0412\u0435\u0441\u044c \u043d\u0430\u0431\u043e\u0440 \u0443\u0434\u043e\u0431\u043d\u043e \u0445\u0440\u0430\u043d\u0438\u0442\u044c \u0438 \u043f\u0435\u0440\u0435\u043d\u043e\u0441\u0438\u0442\u044c \u0431\u043b\u0430\u0433\u043e\u0434\u0430\u0440\u044f \u043a\u043e\u043c\u043f\u0430\u043a\u0442\u043d\u043e\u0439 \u0443\u043f\u0430\u043a\u043e\u0432\u043a\u0435;<\/span><\/li>\n<li data-start=\"1094\" data-end=\"1198\"><span style=\"color: #000000;\">\u0422\u0435\u0445\u043d\u043e\u043b\u043e\u0433\u0438\u044f SHOCKWAVE\u2122 \u043e\u0431\u0435\u0441\u043f\u0435\u0447\u0438\u0432\u0430\u0435\u0442 \u043c\u0430\u043a\u0441\u0438\u043c\u0430\u043b\u044c\u043d\u0443\u044e \u044d\u0444\u0444\u0435\u043a\u0442\u0438\u0432\u043d\u043e\u0441\u0442\u044c \u0443\u0434\u0430\u0440\u0430 \u0438 \u0441\u043d\u0438\u0436\u0430\u0435\u0442 \u0438\u0437\u043d\u043e\u0441 \u0438\u043d\u0441\u0442\u0440\u0443\u043c\u0435\u043d\u0442\u0430.<\/span><\/li>\n<\/ul>\n<p><span style=\"color: #000000;\"><strong data-start=\"1200\" data-end=\"1222\">\u041a\u043e\u043c\u043f\u043b\u0435\u043a\u0442 \u043f\u043e\u0441\u0442\u0430\u0432\u043a\u0438:<\/strong><\/span><\/p>\n<p><span style=\"color: #000000;\"><strong data-start=\"1226\" data-end=\"1244\">\u0411\u0438\u0442\u044b 25\u00d725 \u043c\u043c:<\/strong> 1 \u00d7 PH1; 3 \u00d7 PH2; 1 \u00d7 PZ1; 3 \u00d7 PZ2; 1 \u00d7 PZ3; 2 \u00d7 TX10; 2 \u00d7 TX15; 4 \u00d7 TX20; 3 \u00d7 TX25; 3 \u00d7 TX30.<\/span><\/p>\n<p><span style=\"color: #000000;\"><strong data-start=\"1343\" data-end=\"1388\">\u041c\u0430\u0433\u043d\u0438\u0442\u043d\u044b\u0439 \u0434\u0435\u0440\u0436\u0430\u0442\u0435\u043b\u044c \u0431\u0438\u0442 SHOCKWAVE\u2122 60 \u043c\u043c:<\/strong> 1 \u0448\u0442.<\/span><\/p>\n<p><span style=\"color: #000000;\"><strong data-start=\"1398\" data-end=\"1470\">\u0421\u0432\u0435\u0440\u043b\u0430 \u043f\u043e \u043c\u0435\u0442\u0430\u043b\u043b\u0443 SHOCKWAVE\u2122 RED HEX\u2122 \u00bc\u02dd \u0441 \u0448\u0435\u0441\u0442\u0438\u0433\u0440\u0430\u043d\u043d\u044b\u043c \u0445\u0432\u043e\u0441\u0442\u043e\u0432\u0438\u043a\u043e\u043c:<\/strong> 1 \u00d7 2 \u043c\u043c; 1 \u00d7 3 \u043c\u043c; 1 \u00d7 3,5 \u043c\u043c; 1 \u00d7 4 \u043c\u043c; 1 \u00d7 4,5 \u043c\u043c; 2 \u00d7 5 \u043c\u043c; 1 \u00d7 6 \u043c\u043c.<\/span><\/p>\n<p><span style=\"color: #000000;\"><strong data-start=\"1548\" data-end=\"1620\">\u041c\u043d\u043e\u0433\u043e\u0444\u0443\u043d\u043a\u0446\u0438\u043e\u043d\u0430\u043b\u044c\u043d\u044b\u0435 \u0441\u0432\u0435\u0440\u043b\u0430 SHOCKWAVE\u2122 \u00bc\u02dd \u0441 \u0448\u0435\u0441\u0442\u0438\u0433\u0440\u0430\u043d\u043d\u044b\u043c \u0445\u0432\u043e\u0441\u0442\u043e\u0432\u0438\u043a\u043e\u043c:<\/strong> 1 \u00d7 4 \u043c\u043c; 1 \u00d7 5 \u043c\u043c; 1 \u00d7 5,5 \u043c\u043c; 2 \u00d7 6 \u043c\u043c; 1 \u00d7 8 \u043c\u043c; 1 \u00d7 10 \u043c\u043c.<\/span><\/p>\n","protected":false},"excerpt":{"rendered":"<p>\u041d\u0430\u0431\u043e\u0440 \u0431\u0438\u0442 \u0438 \u0441\u0432\u0435\u0440\u043b \u043f\u043e \u043c\u043d\u043e\u0433\u0438\u043c \u043c\u0430\u0442\u0435\u0440\u0438\u0430\u043b\u0430\u043c Milwaukee SHOCKWAVE \u2014 \u0432\u044b\u0441\u043e\u043a\u043e\u043a\u0430\u0447\u0435\u0441\u0442\u0432\u0435\u043d\u043d\u044b\u0439 \u043f\u0440\u043e\u0444\u0435\u0441\u0441\u0438\u043e\u043d\u0430\u043b\u044c\u043d\u044b\u0439 \u043a\u043e\u043c\u043f\u043b\u0435\u043a\u0442 \u0438\u043d\u0441\u0442\u0440\u0443\u043c\u0435\u043d\u0442\u043e\u0432, \u0432\u043a\u043b\u044e\u0447\u0430\u044e\u0449\u0438\u0439 39 \u044d\u043b\u0435\u043c\u0435\u043d\u0442\u043e\u0432: \u0431\u0438\u0442\u044b \u0438 \u0441\u0432\u0435\u0440\u043b\u0430, \u0441\u043f\u0435\u0446\u0438\u0430\u043b\u044c\u043d\u043e \u0440\u0430\u0437\u0440\u0430\u0431\u043e\u0442\u0430\u043d\u043d\u044b\u0435 \u0434\u043b\u044f \u044d\u0444\u0444\u0435\u043a\u0442\u0438\u0432\u043d\u043e\u0439 \u0440\u0430\u0431\u043e\u0442\u044b \u0441 \u0440\u0430\u0437\u043b\u0438\u0447\u043d\u044b\u043c\u0438 \u043c\u0430\u0442\u0435\u0440\u0438\u0430\u043b\u0430\u043c\u0438. \u0412\u0441\u0435 \u044d\u043b\u0435\u043c\u0435\u043d\u0442\u044b<\/p>\n","protected":false},"featured_media":69477,"comment_status":"open","ping_status":"closed","template":"","meta":[],"product_cat":[2468],"product_tag":[],"acf":[],"_links":{"self":[{"href":"https:\/\/profitehnika.com.ua\/ru\/wp-json\/wp\/v2\/product\/69482"}],"collection":[{"href":"https:\/\/profitehnika.com.ua\/ru\/wp-json\/wp\/v2\/product"}],"about":[{"href":"https:\/\/profitehnika.com.ua\/ru\/wp-json\/wp\/v2\/types\/product"}],"replies":[{"embeddable":true,"href":"https:\/\/profitehnika.com.ua\/ru\/wp-json\/wp\/v2\/comments?post=69482"}],"wp:featuredmedia":[{"embeddable":true,"href":"https:\/\/profitehnika.com.ua\/ru\/wp-json\/wp\/v2\/media\/69477"}],"wp:attachment":[{"href":"https:\/\/profitehnika.com.ua\/ru\/wp-json\/wp\/v2\/media?parent=69482"}],"wp:term":[{"taxonomy":"product_cat","embeddable":true,"href":"https:\/\/profitehnika.com.ua\/ru\/wp-json\/wp\/v2\/product_cat?post=69482"},{"taxonomy":"product_tag","embeddable":true,"href":"https:\/\/profitehnika.com.ua\/ru\/wp-json\/wp\/v2\/product_tag?post=69482"}],"curies":[{"name":"wp","href":"https:\/\/api.w.org\/{rel}","templated":true}]}}