{"id":72296,"date":"2026-04-01T15:40:27","date_gmt":"2026-04-01T13:40:27","guid":{"rendered":"https:\/\/profitehnika.com.ua\/?post_type=product&#038;p=72296"},"modified":"2026-04-01T15:42:09","modified_gmt":"2026-04-01T13:42:09","slug":"akczionnyj-komplekt-profi-tec-akkumulyatornaya-kosa-pgt4540-40-v-2x20-v-akkumulyatornye-nozhniczy-kustorezy-pht1110-batareya-2xpt2040vx-zu-bc20v-korobka","status":"publish","type":"product","link":"https:\/\/profitehnika.com.ua\/ru\/product\/akczionnyj-komplekt-profi-tec-akkumulyatornaya-kosa-pgt4540-40-v-2x20-v-akkumulyatornye-nozhniczy-kustorezy-pht1110-batareya-2xpt2040vx-zu-bc20v-korobka\/","title":{"rendered":"\u0410\u043a\u0446\u0438\u043e\u043d\u043d\u044b\u0439 \u043a\u043e\u043c\u043f\u043b\u0435\u043a\u0442 PROFI-TEC: \u0410\u043a\u043a\u0443\u043c\u0443\u043b\u044f\u0442\u043e\u0440\u043d\u0430\u044f \u043a\u043e\u0441\u0430 PGT4540 (40 \u0412 (2\u00d720 \u0412 + \u0430\u043a\u043a\u0443\u043c\u0443\u043b\u044f\u0442\u043e\u0440\u043d\u044b\u0435 \u043d\u043e\u0436\u043d\u0438\u0446\u044b-\u043a\u0443\u0441\u0442\u043e\u0440\u0435\u0437\u044b PHT1110 + \u0431\u0430\u0442\u0430\u0440\u0435\u044f 2\u00d7PT2040VX, \u0417\u0423 BC20V, \u043a\u043e\u0440\u043e\u0431\u043a\u0430)"},"content":{"rendered":"<p><span style=\"color: #000000;\"><strong>\u0410\u043a\u043a\u0443\u043c\u0443\u043b\u044f\u0442\u043e\u0440\u043d\u044b\u0439 \u043a\u043e\u043c\u043f\u043b\u0435\u043a\u0442 PROFI-TEC: \u0410\u043a\u043a\u0443\u043c\u0443\u043b\u044f\u0442\u043e\u0440\u043d\u0430\u044f \u043a\u043e\u0441\u0430 PGT4540 + \u0430\u043a\u043a\u0443\u043c\u0443\u043b\u044f\u0442\u043e\u0440\u043d\u044b\u0435 \u043d\u043e\u0436\u043d\u0438\u0446\u044b-\u043a\u0443\u0441\u0442\u043e\u0440\u0435\u0437\u044b PHT1110<\/strong> \u2013 \u044d\u0442\u043e \u0441\u043e\u0447\u0435\u0442\u0430\u043d\u0438\u0435 \u043c\u043e\u0449\u043d\u043e\u0441\u0442\u0438, \u0443\u043d\u0438\u0432\u0435\u0440\u0441\u0430\u043b\u044c\u043d\u043e\u0441\u0442\u0438 \u0438 \u043a\u043e\u043c\u0444\u043e\u0440\u0442\u0430 \u0434\u043b\u044f \u0443\u0445\u043e\u0434\u0430 \u0437\u0430 \u0443\u0447\u0430\u0441\u0442\u043a\u043e\u043c \u043b\u044e\u0431\u043e\u0439 \u0441\u043b\u043e\u0436\u043d\u043e\u0441\u0442\u0438. \u041a\u043e\u0441\u0430 PGT4540 \u043e\u0431\u0435\u0441\u043f\u0435\u0447\u0438\u0432\u0430\u0435\u0442 \u044d\u0444\u0444\u0435\u043a\u0442\u0438\u0432\u043d\u043e\u0435 \u0441\u043a\u0430\u0448\u0438\u0432\u0430\u043d\u0438\u0435 \u0442\u0440\u0430\u0432\u044b, \u0441\u043e\u0440\u043d\u044f\u043a\u043e\u0432 \u0438 \u0436\u0435\u0441\u0442\u043a\u043e\u0439 \u0440\u0430\u0441\u0442\u0438\u0442\u0435\u043b\u044c\u043d\u043e\u0441\u0442\u0438 \u0431\u043b\u0430\u0433\u043e\u0434\u0430\u0440\u044f \u043c\u043e\u0449\u043d\u043e\u0439 40\u0412 \u0441\u0438\u0441\u0442\u0435\u043c\u0435, \u0431\u0435\u0437\u0449\u0435\u0442\u043e\u0447\u043d\u043e\u043c\u0443 \u0434\u0432\u0438\u0433\u0430\u0442\u0435\u043b\u044e \u0438 \u0432\u043e\u0437\u043c\u043e\u0436\u043d\u043e\u0441\u0442\u0438 \u0438\u0441\u043f\u043e\u043b\u044c\u0437\u043e\u0432\u0430\u0442\u044c \u043a\u0430\u043a \u043b\u0435\u0441\u043a\u0443, \u0442\u0430\u043a \u0438 \u043c\u0435\u0442\u0430\u043b\u043b\u0438\u0447\u0435\u0441\u043a\u0438\u0435 \u043d\u043e\u0436\u0438. \u041d\u043e\u0436\u043d\u0438\u0446\u044b-\u043a\u0443\u0441\u0442\u043e\u0440\u0435\u0437 PHT1110 \u043f\u043e\u0437\u0432\u043e\u043b\u044f\u044e\u0442 \u0442\u043e\u0447\u043d\u043e \u0444\u043e\u0440\u043c\u0438\u0440\u043e\u0432\u0430\u0442\u044c \u043a\u0443\u0441\u0442\u044b, \u0436\u0438\u0432\u044b\u0435 \u0438\u0437\u0433\u043e\u0440\u043e\u0434\u0438 \u0438 \u0430\u043a\u043a\u0443\u0440\u0430\u0442\u043d\u043e \u043f\u043e\u0434\u0440\u0435\u0437\u0430\u0442\u044c \u043a\u0440\u0430\u044f \u0433\u0430\u0437\u043e\u043d\u0430 \u0434\u0430\u0436\u0435 \u0432 \u0442\u0440\u0443\u0434\u043d\u043e\u0434\u043e\u0441\u0442\u0443\u043f\u043d\u044b\u0445 \u043c\u0435\u0441\u0442\u0430\u0445. \u0412\u043c\u0435\u0441\u0442\u0435 \u0438\u043d\u0441\u0442\u0440\u0443\u043c\u0435\u043d\u0442\u044b \u043e\u0431\u0435\u0441\u043f\u0435\u0447\u0438\u0432\u0430\u044e\u0442 \u043f\u043e\u043b\u043d\u044b\u0439 \u0446\u0438\u043a\u043b \u0443\u0445\u043e\u0434\u0430 \u0437\u0430 \u0442\u0435\u0440\u0440\u0438\u0442\u043e\u0440\u0438\u0435\u0439 \u2013 \u043e\u0442 \u0433\u0440\u0443\u0431\u043e\u0439 \u043e\u0447\u0438\u0441\u0442\u043a\u0438 \u0434\u043e \u0442\u043e\u0447\u043d\u043e\u0439 \u043e\u0431\u0440\u0430\u0431\u043e\u0442\u043a\u0438. \u042d\u0440\u0433\u043e\u043d\u043e\u043c\u0438\u0447\u043d\u0430\u044f \u043a\u043e\u043d\u0441\u0442\u0440\u0443\u043a\u0446\u0438\u044f, \u043f\u0440\u043e\u0434\u0443\u043c\u0430\u043d\u043d\u044b\u0439 \u0431\u0430\u043b\u0430\u043d\u0441 \u0438 \u0430\u043a\u043a\u0443\u043c\u0443\u043b\u044f\u0442\u043e\u0440\u043d\u043e\u0435 \u043f\u0438\u0442\u0430\u043d\u0438\u0435 \u043e\u0431\u0435\u0441\u043f\u0435\u0447\u0438\u0432\u0430\u044e\u0442 \u043a\u043e\u043c\u0444\u043e\u0440\u0442\u043d\u0443\u044e \u0440\u0430\u0431\u043e\u0442\u0443 \u0431\u0435\u0437 \u043e\u0433\u0440\u0430\u043d\u0438\u0447\u0435\u043d\u0438\u0439 \u043a\u0430\u0431\u0435\u043b\u0435\u043c. \u0418\u0434\u0435\u0430\u043b\u044c\u043d\u043e\u0435 \u0440\u0435\u0448\u0435\u043d\u0438\u0435 \u0434\u043b\u044f \u0434\u043e\u043c\u0430, \u0441\u0430\u0434\u0430 \u0438\u043b\u0438 \u043f\u0440\u043e\u0444\u0435\u0441\u0441\u0438\u043e\u043d\u0430\u043b\u044c\u043d\u043e\u0433\u043e \u0438\u0441\u043f\u043e\u043b\u044c\u0437\u043e\u0432\u0430\u043d\u0438\u044f \u043d\u0430 \u0443\u0447\u0430\u0441\u0442\u043a\u0430\u0445 \u0440\u0430\u0437\u043d\u043e\u0433\u043e \u0442\u0438\u043f\u0430.<\/span><\/p>\n<p><span style=\"color: #000000;\"><strong>\u041e\u0441\u043e\u0431\u0435\u043d\u043d\u043e\u0441\u0442\u0438 \u0430\u043a\u043a\u0443\u043c\u0443\u043b\u044f\u0442\u043e\u0440\u043d\u043e\u0439 \u043a\u043e\u0441\u044b PROFI-TEC PGT4540<\/strong>:<\/span><\/p>\n<ul>\n<li><span style=\"color: #000000;\">\u0414\u0432\u0430 \u0430\u043a\u043a\u0443\u043c\u0443\u043b\u044f\u0442\u043e\u0440\u0430 \u043f\u043e 20 \u0412 \u043e\u0431\u0435\u0441\u043f\u0435\u0447\u0438\u0432\u0430\u044e\u0442 \u043e\u0431\u0449\u0435\u0435 \u043d\u0430\u043f\u0440\u044f\u0436\u0435\u043d\u0438\u0435 40 \u0412, \u0433\u0430\u0440\u0430\u043d\u0442\u0438\u0440\u0443\u044f \u0441\u0442\u0430\u0431\u0438\u043b\u044c\u043d\u0443\u044e \u0440\u0430\u0431\u043e\u0442\u0443 \u0438\u043d\u0441\u0442\u0440\u0443\u043c\u0435\u043d\u0442\u0430 \u0441 \u0432\u044b\u0441\u043e\u043a\u043e\u0439 \u043d\u0430\u0433\u0440\u0443\u0437\u043a\u043e\u0439;<\/span><\/li>\n<li><span style=\"color: #000000;\">\u0411\u0435\u0437\u0449\u0435\u0442\u043e\u0447\u043d\u044b\u0439 \u044d\u043b\u0435\u043a\u0442\u0440\u043e\u0434\u0432\u0438\u0433\u0430\u0442\u0435\u043b\u044c \u0440\u0430\u0431\u043e\u0442\u0430\u0435\u0442 \u044d\u0444\u0444\u0435\u043a\u0442\u0438\u0432\u043d\u043e, \u043d\u0435 \u0442\u0440\u0435\u0431\u0443\u0435\u0442 \u043e\u0431\u0441\u043b\u0443\u0436\u0438\u0432\u0430\u043d\u0438\u044f \u0438 \u0438\u043c\u0435\u0435\u0442 \u043f\u0440\u043e\u0434\u043e\u043b\u0436\u0438\u0442\u0435\u043b\u044c\u043d\u044b\u0439 \u0440\u0435\u0441\u0443\u0440\u0441 \u044d\u043a\u0441\u043f\u043b\u0443\u0430\u0442\u0430\u0446\u0438\u04384<\/span><\/li>\n<li><span style=\"color: #000000;\">\u0412\u0435\u0440\u0445\u043d\u0435\u0435 \u0440\u0430\u0441\u043f\u043e\u043b\u043e\u0436\u0435\u043d\u0438\u0435 \u0434\u0432\u0438\u0433\u0430\u0442\u0435\u043b\u044f \u0441\u043f\u043e\u0441\u043e\u0431\u0441\u0442\u0432\u0443\u0435\u0442 \u0443\u043b\u0443\u0447\u0448\u0435\u043d\u043d\u043e\u043c\u0443 \u0431\u0430\u043b\u0430\u043d\u0441\u0443 \u0438\u043d\u0441\u0442\u0440\u0443\u043c\u0435\u043d\u0442\u0430 \u0438 \u0441\u043d\u0438\u0436\u0430\u0435\u0442 \u043d\u0430\u0433\u0440\u0443\u0437\u043a\u0443 \u043d\u0430 \u0440\u0443\u043a\u0438 \u043f\u043e\u043b\u044c\u0437\u043e\u0432\u0430\u0442\u0435\u043b\u044f;<\/span><\/li>\n<li><span style=\"color: #000000;\">\u0417\u0430\u0449\u0438\u0442\u043d\u044b\u0439 \u043a\u043e\u0436\u0443\u0445 \u0441\u043d\u0438\u0436\u0430\u0435\u0442 \u0440\u0438\u0441\u043a \u043f\u043e\u043f\u0430\u0434\u0430\u043d\u0438\u044f \u043e\u0431\u043b\u043e\u043c\u043a\u043e\u0432 \u0442\u0440\u0430\u0432\u044b \u0438\u043b\u0438 \u043a\u0430\u043c\u043d\u0435\u0439, \u043f\u043e\u0432\u044b\u0448\u0430\u044f \u0443\u0440\u043e\u0432\u0435\u043d\u044c \u0431\u0435\u0437\u043e\u043f\u0430\u0441\u043d\u043e\u0441\u0442\u0438 \u0432\u043e \u0432\u0440\u0435\u043c\u044f \u0440\u0430\u0431\u043e\u0442\u044b;<\/span><\/li>\n<li><span style=\"color: #000000;\">\u041a\u043b\u0430\u0432\u0438\u0448\u0430 \u0431\u043b\u043e\u043a\u0438\u0440\u043e\u0432\u043a\u0438 \u043f\u0440\u0435\u0434\u043e\u0442\u0432\u0440\u0430\u0449\u0430\u0435\u0442 \u0441\u043b\u0443\u0447\u0430\u0439\u043d\u043e\u0435 \u0432\u043a\u043b\u044e\u0447\u0435\u043d\u0438\u0435 \u0438\u043d\u0441\u0442\u0440\u0443\u043c\u0435\u043d\u0442\u0430 \u0438 \u0443\u0432\u0435\u043b\u0438\u0447\u0438\u0432\u0430\u0435\u0442 \u0443\u0440\u043e\u0432\u0435\u043d\u044c \u0431\u0435\u0437\u043e\u043f\u0430\u0441\u043d\u043e\u0441\u0442\u0438 \u043f\u0440\u0438 \u044d\u043a\u0441\u043f\u043b\u0443\u0430\u0442\u0430\u0446\u0438\u0438;<\/span><\/li>\n<li><span style=\"color: #000000;\">\u0414\u0432\u0435 \u0441\u043a\u043e\u0440\u043e\u0441\u0442\u0438 \u0432\u0440\u0430\u0449\u0435\u043d\u0438\u044f \u2013 4000 \u0438 4500 \u043e\u0431\/\u043c\u0438\u043d \u2013 \u043f\u043e\u0437\u0432\u043e\u043b\u044f\u044e\u0442 \u0430\u0434\u0430\u043f\u0442\u0438\u0440\u043e\u0432\u0430\u0442\u044c \u0440\u0430\u0431\u043e\u0442\u0443 \u043a \u0442\u0438\u043f\u0443 \u0442\u0440\u0430\u0432\u044b \u0438 \u0443\u0441\u043b\u043e\u0432\u0438\u044f\u043c \u044d\u043a\u0441\u043f\u043b\u0443\u0430\u0442\u0430\u0446\u0438\u0438;<\/span><\/li>\n<li><span style=\"color: #000000;\">U-\u043e\u0431\u0440\u0430\u0437\u043d\u0430\u044f (\u0432\u0435\u043b\u043e\u0441\u0438\u043f\u0435\u0434\u043d\u0430\u044f) \u0440\u0443\u043a\u043e\u044f\u0442\u043a\u0430 \u043e\u0431\u0435\u0441\u043f\u0435\u0447\u0438\u0432\u0430\u0435\u0442 \u0443\u0434\u043e\u0431\u0441\u0442\u0432\u043e \u0443\u043f\u0440\u0430\u0432\u043b\u0435\u043d\u0438\u044f \u043f\u0440\u0438 \u0440\u0430\u0431\u043e\u0442\u0435 \u043d\u0430 \u043b\u044e\u0431\u044b\u0445 \u0442\u0438\u043f\u0430\u0445 \u0443\u0447\u0430\u0441\u0442\u043a\u043e\u0432;<\/span><\/li>\n<li><span style=\"color: #000000;\">\u041f\u043e\u0434\u0434\u0435\u0440\u0436\u0438\u0432\u0430\u0435\u0442\u0441\u044f \u0438\u0441\u043f\u043e\u043b\u044c\u0437\u043e\u0432\u0430\u043d\u0438\u0435 \u043b\u0435\u0441\u043a\u0438 \u0434\u0438\u0430\u043c\u0435\u0442\u0440\u043e\u043c 2,0 \u0438\u043b\u0438 2,4 \u043c\u043c \u0434\u043b\u044f \u044d\u0444\u0444\u0435\u043a\u0442\u0438\u0432\u043d\u043e\u0433\u043e \u0441\u043a\u0430\u0448\u0438\u0432\u0430\u043d\u0438\u044f \u043c\u044f\u0433\u043a\u043e\u0439 \u0438 \u0441\u0440\u0435\u0434\u043d\u0435\u0439 \u0433\u0443\u0441\u0442\u043e\u0442\u044b \u0442\u0440\u0430\u0432\u044b;<\/span><\/li>\n<li><span style=\"color: #000000;\">\u0428\u0438\u0440\u0438\u043d\u0430 \u0441\u043a\u0430\u0448\u0438\u0432\u0430\u043d\u0438\u044f \u043b\u0435\u0441\u043a\u043e\u0439 \u0441\u043e\u0441\u0442\u0430\u0432\u043b\u044f\u0435\u0442 360 \u043c\u043c, \u0447\u0442\u043e \u043f\u043e\u0437\u0432\u043e\u043b\u044f\u0435\u0442 \u0431\u044b\u0441\u0442\u0440\u043e \u043e\u0431\u0440\u0430\u0431\u0430\u0442\u044b\u0432\u0430\u0442\u044c \u0431\u043e\u043b\u044c\u0448\u0438\u0435 \u0443\u0447\u0430\u0441\u0442\u043a\u0438 \u0441 \u0440\u0430\u0432\u043d\u043e\u043c\u0435\u0440\u043d\u044b\u043c \u0440\u0435\u0437\u0443\u043b\u044c\u0442\u0430\u0442\u043e\u043c;<\/span><\/li>\n<li><span style=\"color: #000000;\">\u041c\u0435\u0442\u0430\u043b\u043b\u0438\u0447\u0435\u0441\u043a\u0438\u0439 \u043d\u043e\u0436 \u0434\u0438\u0430\u043c\u0435\u0442\u0440\u043e\u043c 255 \u043c\u043c \u043f\u043e\u0434\u0445\u043e\u0434\u0438\u0442 \u0434\u043b\u044f \u0443\u0434\u0430\u043b\u0435\u043d\u0438\u044f \u0441\u043e\u0440\u043d\u044f\u043a\u043e\u0432, \u0436\u0435\u0441\u0442\u043a\u043e\u0439 \u0438\u043b\u0438 \u043f\u043e\u0434\u0441\u043e\u0445\u0448\u0435\u0439 \u0442\u0440\u0430\u0432\u044b \u043d\u0430 \u0441\u043b\u043e\u0436\u043d\u044b\u0445 \u0443\u0447\u0430\u0441\u0442\u043a\u0430\u0445.<\/span><\/li>\n<\/ul>\n<p><span style=\"color: #000000;\"><strong>\u041e\u0441\u043e\u0431\u0435\u043d\u043d\u043e\u0441\u0442\u0438 \u0430\u043a\u043a\u0443\u043c\u0443\u043b\u044f\u0442\u043e\u0440\u043d\u044b\u0445 \u043d\u043e\u0436\u043d\u0438\u0446-\u043a\u0443\u0441\u0442\u043e\u0440\u0435\u0437\u0430 PROFI-TEC PHT1110:<\/strong><\/span><\/p>\n<ul>\n<li><span style=\"color: #000000;\">\u0412\u044b\u0441\u043e\u043a\u0430\u044f \u0441\u043a\u043e\u0440\u043e\u0441\u0442\u044c \u0434\u043e 2500 \u0441\u0440\u0435\u0437\u043e\u0432 \u0432 \u043c\u0438\u043d\u0443\u0442\u0443 \u043e\u0431\u0435\u0441\u043f\u0435\u0447\u0438\u0432\u0430\u0435\u0442 \u044d\u0444\u0444\u0435\u043a\u0442\u0438\u0432\u043d\u0443\u044e \u043f\u043e\u0434\u0441\u0442\u0440\u0438\u0433\u0443 \u043f\u043b\u043e\u0442\u043d\u043e\u0439 \u0440\u0430\u0441\u0442\u0438\u0442\u0435\u043b\u044c\u043d\u043e\u0441\u0442\u0438; <\/span><\/li>\n<li><span style=\"color: #000000;\">\u041c\u043e\u0449\u043d\u044b\u0439 \u0434\u0432\u0438\u0433\u0430\u0442\u0435\u043b\u044c \u0433\u0430\u0440\u0430\u043d\u0442\u0438\u0440\u0443\u0435\u0442 \u0441\u0442\u0430\u0431\u0438\u043b\u044c\u043d\u0443\u044e \u0440\u0430\u0431\u043e\u0442\u0443 \u043f\u043e\u0434 \u043f\u043e\u0433\u0440\u0443\u0437\u043a\u043e\u0439 \u0431\u0435\u0437 \u043f\u0435\u0440\u0435\u0433\u0440\u0435\u0432\u0430; <\/span><\/li>\n<li><span style=\"color: #000000;\">\u0410\u043a\u043a\u0443\u043c\u0443\u043b\u044f\u0442\u043e\u0440\u043d\u043e\u0435 \u043f\u0438\u0442\u0430\u043d\u0438\u0435 \u043e\u0431\u0435\u0441\u043f\u0435\u0447\u0438\u0432\u0430\u0435\u0442 \u0441\u0432\u043e\u0431\u043e\u0434\u0443 \u0434\u0432\u0438\u0436\u0435\u043d\u0438\u0439 \u0431\u0435\u0437 \u043e\u0433\u0440\u0430\u043d\u0438\u0447\u0435\u043d\u0438\u0439 \u043a\u0430\u0431\u0435\u043b\u0435\u043c; <\/span><\/li>\n<li><span style=\"color: #000000;\">\u041e\u043f\u0442\u0438\u043c\u0438\u0437\u0438\u0440\u043e\u0432\u0430\u043d\u043d\u043e\u0435 \u044d\u043d\u0435\u0440\u0433\u043e\u043f\u043e\u0442\u0440\u0435\u0431\u043b\u0435\u043d\u0438\u0435 \u043f\u043e\u0437\u0432\u043e\u043b\u044f\u0435\u0442 \u0434\u043e\u043b\u044c\u0448\u0435 \u0440\u0430\u0431\u043e\u0442\u0430\u0442\u044c \u043d\u0430 \u043e\u0434\u043d\u043e\u043c \u0437\u0430\u0440\u044f\u0434\u0435; <\/span><\/li>\n<li><span style=\"color: #000000;\">\u041d\u0430\u0441\u0430\u0434\u043a\u0438 200 \u043c\u043c (\u043a\u0443\u0441\u0442\u043e\u0440\u0435\u0437) \u0438 110 \u043c\u043c (\u043d\u043e\u0436\u043d\u0438\u0446\u044b) \u043e\u0431\u0435\u0441\u043f\u0435\u0447\u0438\u0432\u0430\u044e\u0442 \u0443\u043d\u0438\u0432\u0435\u0440\u0441\u0430\u043b\u044c\u043d\u043e\u0441\u0442\u044c \u0434\u043b\u044f \u0440\u0430\u0437\u043d\u044b\u0445 \u0437\u0430\u0434\u0430\u0447; <\/span><\/li>\n<li><span style=\"color: #000000;\">\u041b\u0435\u0437\u0432\u0438\u044f \u0438\u0437 \u0437\u0430\u043a\u0430\u043b\u0435\u043d\u043d\u043e\u0439 \u0441\u0442\u0430\u043b\u0438 \u043e\u0431\u0435\u0441\u043f\u0435\u0447\u0438\u0432\u0430\u044e\u0442 \u0442\u043e\u0447\u043d\u044b\u0439 \u0441\u0440\u0435\u0437 \u0438 \u0434\u043b\u0438\u0442\u0435\u043b\u044c\u043d\u0443\u044e \u043e\u0441\u0442\u0440\u043e\u0442\u0443; <\/span><\/li>\n<li><span style=\"color: #000000;\">\u0421\u0438\u043d\u0445\u0440\u043e\u043d\u043d\u043e\u0435 \u0434\u0432\u0438\u0436\u0435\u043d\u0438\u0435 \u043b\u0435\u0437\u0432\u0438\u0439 \u0433\u0430\u0440\u0430\u043d\u0442\u0438\u0440\u0443\u0435\u0442 \u0440\u043e\u0432\u043d\u044b\u0439 \u0438 \u0430\u043a\u043a\u0443\u0440\u0430\u0442\u043d\u044b\u0439 \u0441\u0440\u0435\u0437 \u0431\u0435\u0437 \u043f\u043e\u0432\u0440\u0435\u0436\u0434\u0435\u043d\u0438\u044f \u0440\u0430\u0441\u0442\u0435\u043d\u0438\u0439; <\/span><\/li>\n<li><span style=\"color: #000000;\">\u041f\u0440\u043e\u0437\u0440\u0430\u0447\u043d\u044b\u0439 \u0437\u0430\u0449\u0438\u0442\u043d\u044b\u0439 \u044d\u043a\u0440\u0430\u043d \u0438 \u0441\u0438\u0441\u0442\u0435\u043c\u0430 \u0431\u043b\u043e\u043a\u0438\u0440\u043e\u0432\u043a\u0438 \u043f\u043e\u0432\u044b\u0448\u0430\u044e\u0442 \u0431\u0435\u0437\u043e\u043f\u0430\u0441\u043d\u043e\u0441\u0442\u044c;<\/span><\/li>\n<li><span style=\"color: #000000;\">\u041a\u043e\u043c\u043f\u0430\u043a\u0442\u043d\u0430\u044f \u043a\u043e\u043d\u0441\u0442\u0440\u0443\u043a\u0446\u0438\u044f \u0438 \u043c\u0430\u043b\u044b\u0439 \u0432\u0435\u0441 \u043e\u0431\u0435\u0441\u043f\u0435\u0447\u0438\u0432\u0430\u044e\u0442 \u0443\u0434\u043e\u0431\u0441\u0442\u0432\u043e \u0440\u0430\u0431\u043e\u0442\u044b \u043e\u0434\u043d\u043e\u0439 \u0440\u0443\u043a\u043e\u0439; <\/span><\/li>\n<li><span style=\"color: #000000;\">\u042d\u0440\u0433\u043e\u043d\u043e\u043c\u0438\u0447\u043d\u0430\u044f \u0440\u0443\u043a\u043e\u044f\u0442\u043a\u0430 \u0441 \u043f\u0440\u043e\u0440\u0435\u0437\u0438\u043d\u0435\u043d\u043d\u044b\u043c \u043f\u043e\u043a\u0440\u044b\u0442\u0438\u0435\u043c \u0443\u043c\u0435\u043d\u044c\u0448\u0430\u0435\u0442 \u0443\u0441\u0442\u0430\u043b\u043e\u0441\u0442\u044c \u0432\u043e \u0432\u0440\u0435\u043c\u044f \u0434\u043b\u0438\u0442\u0435\u043b\u044c\u043d\u043e\u0433\u043e \u0438\u0441\u043f\u043e\u043b\u044c\u0437\u043e\u0432\u0430\u043d\u0438\u044f.<\/span><\/li>\n<\/ul>\n<p><span style=\"color: #000000;\"><strong>\u041a\u043e\u043c\u043f\u043b\u0435\u043a\u0442 \u043f\u043e\u0441\u0442\u0430\u0432\u043a\u0438: <\/strong><\/span><\/p>\n<ul>\n<li><span style=\"color: #000000;\">\u0410\u043a\u043a\u0443\u043c\u0443\u043b\u044f\u0442\u043e\u0440\u043d\u0430\u044f \u043a\u043e\u0441\u0430 PROFI-TEC PGT4540; <\/span><\/li>\n<li><span style=\"color: #000000;\">\u0422\u0440\u0435\u0445\u043b\u043e\u043f\u0430\u0441\u0442\u043d\u044b\u0439 \u043c\u0435\u0442\u0430\u043b\u043b\u0438\u0447\u0435\u0441\u043a\u0438\u0439 \u043d\u043e\u0436 (255\u00d725.4\u00d71.1\u00d73T); <\/span><\/li>\n<li><span style=\"color: #000000;\">\u041b\u0435\u0441\u043a\u0430 (2.4 \u043c\u043c \u00d7 15 \u043c) \u00d7 1; <\/span><\/li>\n<li><span style=\"color: #000000;\">\u0414\u0438\u0441\u043a \u043f\u043e\u0431\u0435\u0434\u0438\u0442\u043e\u0432\u044b\u0439 (255\u00d725.4\u00d740T); <\/span><\/li>\n<li><span style=\"color: #000000;\">\u0428\u043f\u0443\u043b\u044f \u0434\u043b\u044f \u043b\u0435\u0441\u043a\u0438; <\/span><\/li>\n<li><span style=\"color: #000000;\">\u0420\u0430\u043d\u0435\u0447\u043d\u044b\u0439 \u0440\u0435\u043c\u0435\u043d\u044c; <\/span><\/li>\n<li><span style=\"color: #000000;\">\u0417\u0430\u0449\u0438\u0442\u043d\u044b\u0439 \u043a\u043e\u0436\u0443\u0445; <\/span><\/li>\n<li><span style=\"color: #000000;\">\u041a\u043e\u043c\u043f\u043b\u0435\u043a\u0442 \u0438\u043d\u0441\u0442\u0440\u0443\u043c\u0435\u043d\u0442\u043e\u0432 \u0438 \u043a\u0440\u0435\u043f\u0435\u0436\u043d\u044b\u0445 \u0438\u0437\u0434\u0435\u043b\u0438\u0439;\u00a0 <\/span><\/li>\n<li><span style=\"color: #000000;\">\u0410\u043a\u043a\u0443\u043c\u0443\u043b\u044f\u0442\u043e\u0440\u043d\u044b\u0435 \u043d\u043e\u0436\u043d\u0438\u0446\u044b-\u043a\u0443\u0441\u0442\u043e\u0440\u0435\u0437 PROFI-TEC PHT1110; <\/span><\/li>\n<li><span style=\"color: #000000;\">\u041d\u0430\u0441\u0430\u0434\u043a\u0430-\u043d\u043e\u0436\u043d\u0438\u0446\u044b; <\/span><\/li>\n<li><span style=\"color: #000000;\">\u041d\u0430\u0441\u0430\u0434\u043a\u0430-\u043a\u0443\u0441\u0442\u043e\u0440\u0435\u0437; <\/span><\/li>\n<li><span style=\"color: #000000;\">\u0417\u0430\u0449\u0438\u0442\u043d\u044b\u0439 \u0447\u0435\u0445\u043e\u043b \u0434\u043b\u044f \u043b\u0435\u0437\u0432\u0438\u0439 \u00d72; <\/span><\/li>\n<li><span style=\"color: #000000;\">\u0410\u043a\u043a\u0443\u043c\u0443\u043b\u044f\u0442\u043e\u0440 PT2040VX (2.0 \u0410\u0447) \u00d72; <\/span><\/li>\n<li><span style=\"color: #000000;\">\u0417\u0430\u0440\u044f\u0434\u043d\u043e\u0435 \u0443\u0441\u0442\u0440\u043e\u0439\u0441\u0442\u0432\u043e BC20V; <\/span><\/li>\n<li><span style=\"color: #000000;\">\u0418\u043d\u0441\u0442\u0440\u0443\u043a\u0446\u0438\u044f \u043f\u043e \u044d\u043a\u0441\u043f\u043b\u0443\u0430\u0442\u0430\u0446\u0438\u0438; <\/span><\/li>\n<li><span style=\"color: #000000;\">\u0413\u0430\u0440\u0430\u043d\u0442\u0438\u0439\u043d\u044b\u0439 \u0442\u0430\u043b\u043e\u043d; <\/span><\/li>\n<li><span style=\"color: #000000;\">\u0423\u043f\u0430\u043a\u043e\u0432\u043a\u0430 \u2013 \u043a\u0430\u0440\u0442\u043e\u043d\u043d\u0430\u044f \u043a\u043e\u0440\u043e\u0431\u043a\u0430;<\/span><\/li>\n<\/ul>\n","protected":false},"excerpt":{"rendered":"<p>\u0410\u043a\u043a\u0443\u043c\u0443\u043b\u044f\u0442\u043e\u0440\u043d\u044b\u0439 \u043a\u043e\u043c\u043f\u043b\u0435\u043a\u0442 PROFI-TEC: \u0410\u043a\u043a\u0443\u043c\u0443\u043b\u044f\u0442\u043e\u0440\u043d\u0430\u044f \u043a\u043e\u0441\u0430 PGT4540 + \u0430\u043a\u043a\u0443\u043c\u0443\u043b\u044f\u0442\u043e\u0440\u043d\u044b\u0435 \u043d\u043e\u0436\u043d\u0438\u0446\u044b-\u043a\u0443\u0441\u0442\u043e\u0440\u0435\u0437\u044b PHT1110 \u2013 \u044d\u0442\u043e \u0441\u043e\u0447\u0435\u0442\u0430\u043d\u0438\u0435 \u043c\u043e\u0449\u043d\u043e\u0441\u0442\u0438, \u0443\u043d\u0438\u0432\u0435\u0440\u0441\u0430\u043b\u044c\u043d\u043e\u0441\u0442\u0438 \u0438 \u043a\u043e\u043c\u0444\u043e\u0440\u0442\u0430 \u0434\u043b\u044f \u0443\u0445\u043e\u0434\u0430 \u0437\u0430 \u0443\u0447\u0430\u0441\u0442\u043a\u043e\u043c \u043b\u044e\u0431\u043e\u0439 \u0441\u043b\u043e\u0436\u043d\u043e\u0441\u0442\u0438. \u041a\u043e\u0441\u0430 PGT4540 \u043e\u0431\u0435\u0441\u043f\u0435\u0447\u0438\u0432\u0430\u0435\u0442 \u044d\u0444\u0444\u0435\u043a\u0442\u0438\u0432\u043d\u043e\u0435 \u0441\u043a\u0430\u0448\u0438\u0432\u0430\u043d\u0438\u0435 \u0442\u0440\u0430\u0432\u044b, \u0441\u043e\u0440\u043d\u044f\u043a\u043e\u0432<\/p>\n","protected":false},"featured_media":72289,"comment_status":"open","ping_status":"closed","template":"","meta":[],"product_cat":[2347],"product_tag":[],"acf":[],"_links":{"self":[{"href":"https:\/\/profitehnika.com.ua\/ru\/wp-json\/wp\/v2\/product\/72296"}],"collection":[{"href":"https:\/\/profitehnika.com.ua\/ru\/wp-json\/wp\/v2\/product"}],"about":[{"href":"https:\/\/profitehnika.com.ua\/ru\/wp-json\/wp\/v2\/types\/product"}],"replies":[{"embeddable":true,"href":"https:\/\/profitehnika.com.ua\/ru\/wp-json\/wp\/v2\/comments?post=72296"}],"wp:featuredmedia":[{"embeddable":true,"href":"https:\/\/profitehnika.com.ua\/ru\/wp-json\/wp\/v2\/media\/72289"}],"wp:attachment":[{"href":"https:\/\/profitehnika.com.ua\/ru\/wp-json\/wp\/v2\/media?parent=72296"}],"wp:term":[{"taxonomy":"product_cat","embeddable":true,"href":"https:\/\/profitehnika.com.ua\/ru\/wp-json\/wp\/v2\/product_cat?post=72296"},{"taxonomy":"product_tag","embeddable":true,"href":"https:\/\/profitehnika.com.ua\/ru\/wp-json\/wp\/v2\/product_tag?post=72296"}],"curies":[{"name":"wp","href":"https:\/\/api.w.org\/{rel}","templated":true}]}}