{"id":73053,"date":"2026-04-17T15:21:35","date_gmt":"2026-04-17T13:21:35","guid":{"rendered":"https:\/\/profitehnika.com.ua\/?post_type=product&#038;p=73053"},"modified":"2026-04-17T15:23:04","modified_gmt":"2026-04-17T13:23:04","slug":"disk-almaznyj-vitals-master-ceramic-125x14x222x10-mm-168108","status":"publish","type":"product","link":"https:\/\/profitehnika.com.ua\/ru\/product\/disk-almaznyj-vitals-master-ceramic-125x14x222x10-mm-168108\/","title":{"rendered":"\u0414\u0438\u0441\u043a \u0430\u043b\u043c\u0430\u0437\u043d\u044b\u0439 Vitals Master Ceramic 125\u00d71,4\u00d722,2\u00d710 \u043c\u043c (168108)"},"content":{"rendered":"<p><span style=\"color: #000000;\"><strong>\u0410\u043b\u043c\u0430\u0437\u043d\u044b\u0439 \u043e\u0442\u0440\u0435\u0437\u043d\u043e\u0439 \u0434\u0438\u0441\u043a Vitals Master Ceramic 125\u00d71,4\u00d722,2\u00d710 \u043c\u043c<\/strong> \u2013 \u044d\u0442\u043e \u0432\u044b\u0441\u043e\u043a\u043e\u043a\u0430\u0447\u0435\u0441\u0442\u0432\u0435\u043d\u043d\u0430\u044f \u0440\u0435\u0436\u0443\u0449\u0430\u044f \u043e\u0441\u043d\u0430\u0441\u0442\u043a\u0430, \u043f\u0440\u0435\u0434\u043d\u0430\u0437\u043d\u0430\u0447\u0435\u043d\u043d\u0430\u044f \u0434\u043b\u044f \u0432\u044b\u043f\u043e\u043b\u043d\u0435\u043d\u0438\u044f \u0442\u043e\u0447\u043d\u043e\u0433\u043e \u0438 \u0447\u0438\u0441\u0442\u043e\u0433\u043e \u0440\u0435\u0437\u0430 \u0442\u0432\u0435\u0440\u0434\u044b\u0445 \u043e\u0431\u043b\u0438\u0446\u043e\u0432\u043e\u0447\u043d\u044b\u0445 \u043c\u0430\u0442\u0435\u0440\u0438\u0430\u043b\u043e\u0432. \u0418\u0441\u043f\u043e\u043b\u044c\u0437\u0443\u0435\u0442\u0441\u044f \u0434\u043b\u044f \u043e\u0442\u0434\u0435\u043b\u043a\u0438 \u043a\u0435\u0440\u0430\u043c\u043e\u0433\u0440\u0430\u043d\u0438\u0442\u0430, \u043a\u0435\u0440\u0430\u043c\u0438\u0447\u0435\u0441\u043a\u043e\u0439 \u043f\u043b\u0438\u0442\u043a\u0438, \u043c\u0440\u0430\u043c\u043e\u0440\u0430, \u0433\u0440\u0430\u043d\u0438\u0442\u0430 \u0438 \u0434\u0435\u043a\u043e\u0440\u0430\u0442\u0438\u0432\u043d\u043e\u0433\u043e \u043a\u0430\u043c\u043d\u044f. \u041f\u043e\u0434\u0445\u043e\u0434\u0438\u0442 \u0434\u043b\u044f \u0440\u0430\u0431\u043e\u0442\u044b \u0441 \u0443\u0433\u043b\u043e\u0432\u044b\u043c\u0438 \u0448\u043b\u0438\u0444\u043c\u0430\u0448\u0438\u043d\u0430\u043c\u0438 \u0441\u043e\u043e\u0442\u0432\u0435\u0442\u0441\u0442\u0432\u0443\u044e\u0449\u0435\u0433\u043e \u0442\u0438\u043f\u043e\u0440\u0430\u0437\u043c\u0435\u0440\u0430. \u0414\u0438\u0441\u043a \u043e\u0431\u0435\u0441\u043f\u0435\u0447\u0438\u0432\u0430\u0435\u0442 \u0430\u043a\u043a\u0443\u0440\u0430\u0442\u043d\u044b\u0439 \u0440\u0435\u0437 \u0431\u0435\u0437 \u0441\u043a\u043e\u043b\u043e\u0432 \u0438 \u0442\u0440\u0435\u0449\u0438\u043d, \u0438\u043c\u0435\u0435\u0442 \u0441\u0442\u0430\u0431\u0438\u043b\u044c\u043d\u0443\u044e \u0433\u0435\u043e\u043c\u0435\u0442\u0440\u0438\u044e \u0440\u0435\u0437\u0430 \u0438 \u044d\u0444\u0444\u0435\u043a\u0442\u0438\u0432\u043d\u043e \u043e\u0442\u0432\u043e\u0434\u0438\u0442 \u0442\u0435\u043f\u043b\u043e \u0432\u043e \u0432\u0440\u0435\u043c\u044f \u0440\u0430\u0431\u043e\u0442\u044b. \u0411\u043b\u0430\u0433\u043e\u0434\u0430\u0440\u044f \u0441\u0443\u043f\u0435\u0440\u0442\u043e\u043d\u043a\u043e\u0439 \u0440\u0435\u0436\u0443\u0449\u0435\u0439 \u043a\u0440\u043e\u043c\u043a\u0435 \u0434\u043e\u0441\u0442\u0438\u0433\u0430\u0435\u0442\u0441\u044f \u0432\u044b\u0441\u043e\u043a\u0430\u044f \u0442\u043e\u0447\u043d\u043e\u0441\u0442\u044c \u0438 \u0431\u044b\u0441\u0442\u0440\u043e\u0442\u0430 \u043e\u0431\u0440\u0430\u0431\u043e\u0442\u043a\u0438 \u043c\u0430\u0442\u0435\u0440\u0438\u0430\u043b\u0430. \u041f\u043e\u0434\u0445\u043e\u0434\u0438\u0442 \u0434\u043b\u044f \u0441\u0442\u0440\u043e\u0438\u0442\u0435\u043b\u044c\u043d\u044b\u0445, \u043c\u043e\u043d\u0442\u0430\u0436\u043d\u044b\u0445 \u0438 \u0440\u0435\u043c\u043e\u043d\u0442\u043d\u044b\u0445 \u0440\u0430\u0431\u043e\u0442.<\/span><\/p>\n<p><span style=\"color: #000000;\"><strong>\u041e\u0441\u043e\u0431\u0435\u043d\u043d\u043e\u0441\u0442\u0438 \u0430\u043b\u043c\u0430\u0437\u043d\u043e\u0433\u043e \u043e\u0442\u0440\u0435\u0437\u043d\u043e\u0433\u043e \u0434\u0438\u0441\u043a\u0430 Vitals Master Ceramic 125\u00d71,4\u00d722,2\u00d710 \u043c\u043c:<\/strong><\/span><\/p>\n<ul>\n<li><span style=\"color: #000000;\">\u0412\u044b\u0441\u043e\u0442\u0430 \u0430\u043b\u043c\u0430\u0437\u043d\u043e\u0433\u043e \u0441\u043b\u043e\u044f 10 \u043c\u043c \u043e\u0431\u0435\u0441\u043f\u0435\u0447\u0438\u0432\u0430\u0435\u0442 \u043f\u0440\u043e\u0434\u043e\u043b\u0436\u0438\u0442\u0435\u043b\u044c\u043d\u044b\u0439 \u0440\u0435\u0441\u0443\u0440\u0441 \u0440\u0430\u0431\u043e\u0442\u044b;<\/span><\/li>\n<li><span style=\"color: #000000;\">\u0421\u0443\u043f\u0435\u0440\u0442\u043e\u043d\u043a\u0430\u044f \u0440\u0435\u0436\u0443\u0449\u0430\u044f \u043a\u0440\u043e\u043c\u043a\u0430 \u0434\u043b\u044f \u0447\u0438\u0441\u0442\u043e\u0433\u043e \u0440\u0435\u0437\u0430 \u0431\u0435\u0437 \u0441\u043a\u043e\u043b\u043e\u0432 \u0438 \u0442\u0440\u0435\u0449\u0438\u043d;<\/span><\/li>\n<li><span style=\"color: #000000;\">\u0412\u044b\u0441\u043e\u043a\u0430\u044f \u0441\u043a\u043e\u0440\u043e\u0441\u0442\u044c \u0440\u0435\u0437\u043a\u0438 \u0438 \u0442\u043e\u0447\u043d\u043e\u0441\u0442\u044c \u043e\u0431\u0440\u0430\u0431\u043e\u0442\u043a\u0438 \u043c\u0430\u0442\u0435\u0440\u0438\u0430\u043b\u0430;<\/span><\/li>\n<li><span style=\"color: #000000;\">\u0421\u043f\u0435\u0446\u0438\u0430\u043b\u044c\u043d\u0430\u044f \u0444\u043e\u0440\u043c\u0430 \u043a\u0440\u043e\u043c\u043a\u0438 \u0434\u043b\u044f \u044d\u0444\u0444\u0435\u043a\u0442\u0438\u0432\u043d\u043e\u0433\u043e \u043e\u0445\u043b\u0430\u0436\u0434\u0435\u043d\u0438\u044f \u0432\u043e \u0432\u0440\u0435\u043c\u044f \u0440\u0430\u0431\u043e\u0442\u044b;<\/span><\/li>\n<li><span style=\"color: #000000;\">\u0422\u0435\u0445\u043d\u043e\u043b\u043e\u0433\u0438\u044f \u0433\u043e\u0440\u044f\u0447\u0435\u0433\u043e \u043f\u0440\u0435\u0441\u0441\u043e\u0432\u0430\u043d\u0438\u044f Hot Press \u043f\u043e\u0432\u044b\u0448\u0430\u0435\u0442 \u043f\u0440\u043e\u0447\u043d\u043e\u0441\u0442\u044c \u0438 \u0438\u0437\u043d\u043e\u0441\u043e\u0441\u0442\u043e\u0439\u043a\u043e\u0441\u0442\u044c;<\/span><\/li>\n<li><span style=\"color: #000000;\">\u0423\u0441\u0438\u043b\u0435\u043d\u043d\u0430\u044f \u0437\u043e\u043d\u0430 \u043f\u043e\u0441\u0430\u0434\u043e\u0447\u043d\u043e\u0433\u043e \u043e\u0442\u0432\u0435\u0440\u0441\u0442\u0438\u044f \u0443\u043c\u0435\u043d\u044c\u0448\u0430\u0435\u0442 \u0432\u0438\u0431\u0440\u0430\u0446\u0438\u044e \u0438 \u0443\u0432\u0435\u043b\u0438\u0447\u0438\u0432\u0430\u0435\u0442 \u0441\u0442\u0430\u0431\u0438\u043b\u044c\u043d\u043e\u0441\u0442\u044c;<\/span><\/li>\n<li><span style=\"color: #000000;\">\u0421\u043e\u0432\u043c\u0435\u0441\u0442\u0438\u043c\u043e\u0441\u0442\u044c \u0441 \u0443\u0433\u043b\u043e\u0432\u044b\u043c\u0438 \u0448\u043b\u0438\u0444\u043e\u0432\u0430\u043b\u044c\u043d\u044b\u043c\u0438 \u043c\u0430\u0448\u0438\u043d\u0430\u043c\u0438 125 \u043c\u043c;<\/span><\/li>\n<li><span style=\"color: #000000;\">\u041f\u043e\u0434\u0445\u043e\u0434\u0438\u0442 \u0434\u043b\u044f \u0441\u0443\u0445\u043e\u0439 \u0440\u0435\u0437\u043a\u0438 \u0442\u0432\u0435\u0440\u0434\u044b\u0445 \u043e\u0431\u043b\u0438\u0446\u043e\u0432\u043e\u0447\u043d\u044b\u0445 \u043c\u0430\u0442\u0435\u0440\u0438\u0430\u043b\u043e\u0432: \u043a\u0435\u0440\u0430\u043c\u043e\u0433\u0440\u0430\u043d\u0438\u0442\u0430, \u043a\u0435\u0440\u0430\u043c\u0438\u0447\u0435\u0441\u043a\u043e\u0439 \u043f\u043b\u0438\u0442\u043a\u0438, \u043c\u0440\u0430\u043c\u043e\u0440\u0430, \u0433\u0440\u0430\u043d\u0438\u0442\u0430 \u0438 \u0434\u0435\u043a\u043e\u0440\u0430\u0442\u0438\u0432\u043d\u043e\u0433\u043e \u043a\u0430\u043c\u043d\u044f.<\/span><\/li>\n<\/ul>\n<p><strong><span style=\"color: #000000;\">\u041a\u043e\u043c\u043f\u043b\u0435\u043a\u0442 \u043f\u043e\u0441\u0442\u0430\u0432\u043a\u0438:<\/span><\/strong><\/p>\n<ul>\n<li><span style=\"color: #000000;\">\u0414\u0438\u0441\u043a \u0430\u043b\u043c\u0430\u0437\u043d\u044b\u0439 \u043e\u0442\u0440\u0435\u0437\u043d\u043e\u0439 <strong>Vitals Master Ceramic 125\u00d71,4\u00d722,2\u00d710 \u043c\u043c<\/strong>;<\/span><\/li>\n<li><span style=\"color: #000000;\">\u0423\u043f\u0430\u043a\u043e\u0432\u043a\u0430.<\/span><\/li>\n<\/ul>\n","protected":false},"excerpt":{"rendered":"<p>\u0410\u043b\u043c\u0430\u0437\u043d\u044b\u0439 \u043e\u0442\u0440\u0435\u0437\u043d\u043e\u0439 \u0434\u0438\u0441\u043a Vitals Master Ceramic 125\u00d71,4\u00d722,2\u00d710 \u043c\u043c \u2013 \u044d\u0442\u043e \u0432\u044b\u0441\u043e\u043a\u043e\u043a\u0430\u0447\u0435\u0441\u0442\u0432\u0435\u043d\u043d\u0430\u044f \u0440\u0435\u0436\u0443\u0449\u0430\u044f \u043e\u0441\u043d\u0430\u0441\u0442\u043a\u0430, \u043f\u0440\u0435\u0434\u043d\u0430\u0437\u043d\u0430\u0447\u0435\u043d\u043d\u0430\u044f \u0434\u043b\u044f \u0432\u044b\u043f\u043e\u043b\u043d\u0435\u043d\u0438\u044f \u0442\u043e\u0447\u043d\u043e\u0433\u043e \u0438 \u0447\u0438\u0441\u0442\u043e\u0433\u043e \u0440\u0435\u0437\u0430 \u0442\u0432\u0435\u0440\u0434\u044b\u0445 \u043e\u0431\u043b\u0438\u0446\u043e\u0432\u043e\u0447\u043d\u044b\u0445 \u043c\u0430\u0442\u0435\u0440\u0438\u0430\u043b\u043e\u0432. \u0418\u0441\u043f\u043e\u043b\u044c\u0437\u0443\u0435\u0442\u0441\u044f \u0434\u043b\u044f \u043e\u0442\u0434\u0435\u043b\u043a\u0438 \u043a\u0435\u0440\u0430\u043c\u043e\u0433\u0440\u0430\u043d\u0438\u0442\u0430, \u043a\u0435\u0440\u0430\u043c\u0438\u0447\u0435\u0441\u043a\u043e\u0439 \u043f\u043b\u0438\u0442\u043a\u0438, \u043c\u0440\u0430\u043c\u043e\u0440\u0430,<\/p>\n","protected":false},"featured_media":73038,"comment_status":"open","ping_status":"closed","template":"","meta":[],"product_cat":[3581],"product_tag":[],"acf":[],"_links":{"self":[{"href":"https:\/\/profitehnika.com.ua\/ru\/wp-json\/wp\/v2\/product\/73053"}],"collection":[{"href":"https:\/\/profitehnika.com.ua\/ru\/wp-json\/wp\/v2\/product"}],"about":[{"href":"https:\/\/profitehnika.com.ua\/ru\/wp-json\/wp\/v2\/types\/product"}],"replies":[{"embeddable":true,"href":"https:\/\/profitehnika.com.ua\/ru\/wp-json\/wp\/v2\/comments?post=73053"}],"wp:featuredmedia":[{"embeddable":true,"href":"https:\/\/profitehnika.com.ua\/ru\/wp-json\/wp\/v2\/media\/73038"}],"wp:attachment":[{"href":"https:\/\/profitehnika.com.ua\/ru\/wp-json\/wp\/v2\/media?parent=73053"}],"wp:term":[{"taxonomy":"product_cat","embeddable":true,"href":"https:\/\/profitehnika.com.ua\/ru\/wp-json\/wp\/v2\/product_cat?post=73053"},{"taxonomy":"product_tag","embeddable":true,"href":"https:\/\/profitehnika.com.ua\/ru\/wp-json\/wp\/v2\/product_tag?post=73053"}],"curies":[{"name":"wp","href":"https:\/\/api.w.org\/{rel}","templated":true}]}}